{"id":97636,"date":"2024-08-26T14:46:46","date_gmt":"2024-08-26T12:46:46","guid":{"rendered":"http:\/\/www.sysdil.es.mialias.net\/sistemas-antifurto\/sy-t40\/"},"modified":"2024-08-30T11:42:23","modified_gmt":"2024-08-30T09:42:23","slug":"sy-t40","status":"publish","type":"page","link":"https:\/\/sysdil.es\/pt-pt\/sistemas-antifurto\/sy-t40\/","title":{"rendered":"SY-T40"},"content":{"rendered":"<p><div class=\"fusion-fullwidth fullwidth-box fusion-builder-row-1 fusion-flex-container has-pattern-background has-mask-background nonhundred-percent-fullwidth non-hundred-percent-height-scrolling\" style=\"--awb-border-radius-top-left:0px;--awb-border-radius-top-right:0px;--awb-border-radius-bottom-right:0px;--awb-border-radius-bottom-left:0px;--awb-padding-top:0px;--awb-padding-bottom:0px;--awb-margin-top:25px;--awb-flex-wrap:wrap;\" ><div class=\"fusion-builder-row fusion-row fusion-flex-align-items-stretch fusion-flex-content-wrap\" style=\"max-width:1378px;margin-left: calc(-4% \/ 2 );margin-right: calc(-4% \/ 2 );\"><div class=\"fusion-layout-column fusion_builder_column fusion-builder-column-0 fusion_builder_column_1_2 1_2 fusion-flex-column fusion-animated\" style=\"--awb-padding-right:0%;--awb-padding-bottom:7%;--awb-padding-left:0%;--awb-bg-size:cover;--awb-width-large:50%;--awb-margin-top-large:0px;--awb-spacing-right-large:9.6%;--awb-margin-bottom-large:0px;--awb-spacing-left-large:3.84%;--awb-width-medium:100%;--awb-order-medium:1;--awb-spacing-right-medium:1.92%;--awb-spacing-left-medium:1.92%;--awb-width-small:100%;--awb-spacing-right-small:1.92%;--awb-spacing-left-small:1.92%;\" data-animationType=\"fadeInDown\" data-animationDuration=\"0.8\" data-animationOffset=\"top-into-view\"><div class=\"fusion-column-wrapper fusion-column-has-shadow fusion-flex-justify-content-flex-start fusion-content-layout-column\"><div class=\"fusion-separator fusion-no-small-visibility fusion-no-medium-visibility fusion-full-width-sep\" style=\"align-self: center;margin-left: auto;margin-right: auto;margin-bottom:75px;width:100%;\"><\/div><div class=\"fusion-title title fusion-title-1 fusion-sep-none fusion-title-text fusion-title-size-two\" style=\"--awb-text-color:var(--awb-color5);--awb-margin-bottom:0px;--awb-margin-top-small:0px;--awb-margin-right-small:0px;--awb-margin-bottom-small:0px;--awb-margin-left-small:0px;--awb-font-size:24px;\"><h2 class=\"fusion-title-heading title-heading-left fusion-responsive-typography-calculated\" style=\"margin:0;font-size:1em;--fontSize:24;--minFontSize:24;line-height:var(--awb-typography1-line-height);\">SY-T40<\/h2><\/div><div class=\"fusion-title title fusion-title-2 fusion-sep-none fusion-title-text fusion-title-size-three\" style=\"--awb-margin-top-small:0px;--awb-margin-right-small:0px;--awb-margin-bottom-small:20px;--awb-margin-left-small:0px;--awb-font-size:58px;\"><h3 class=\"fusion-title-heading title-heading-left fusion-responsive-typography-calculated\" style=\"margin:0;font-size:1em;--fontSize:58;line-height:var(--awb-typography1-line-height);\">SISTEMA ANTI-ROUBO DE FIBRA DE VIDRO<\/h3><\/div><div class=\"fusion-text fusion-text-1\" style=\"--awb-font-size:17px;\"><p>O equipamento mais robusto da linha, fabricado em fibra de vidro de alta resist\u00eancia. Os seus pain\u00e9is abertos tornam-no imune \u00e0 passagem do tempo. Sem arranh\u00f5es, sem marcas de tempo e seu pre\u00e7o mais acess\u00edvel fazem deste dispositivo um campe\u00e3o de vendas.<\/p>\n<\/div><div class=\"fusion-separator\" style=\"align-self: flex-start;margin-right:auto;margin-top:20px;width:100%;max-width:20%;\"><div class=\"fusion-separator-border sep-single sep-solid\" style=\"--awb-height:20px;--awb-amount:20px;--awb-sep-color:var(--awb-color5);border-color:var(--awb-color5);border-top-width:6px;\"><\/div><\/div><\/div><\/div><div class=\"fusion-layout-column fusion_builder_column fusion-builder-column-1 fusion_builder_column_1_2 1_2 fusion-flex-column fusion-column-inner-bg-wrapper fusion-column-hover-type-liftup fusion-column-liftup-border fusion-animated\" style=\"--awb-padding-top-medium:20vh;--awb-padding-bottom-medium:20vh;--awb-overflow:hidden;--awb-inner-bg-position:center center;--awb-inner-bg-size:cover;--awb-border-radius:4px 4px 4px 90px;--awb-liftup-border-radius:4px 4px 4px 90px;--awb-width-large:50%;--awb-margin-top-large:0px;--awb-spacing-right-large:3.84%;--awb-margin-bottom-large:40px;--awb-spacing-left-large:9.6%;--awb-width-medium:100%;--awb-order-medium:0;--awb-spacing-right-medium:1.92%;--awb-margin-bottom-medium:40px;--awb-spacing-left-medium:1.92%;--awb-width-small:100%;--awb-order-small:0;--awb-spacing-right-small:1.92%;--awb-spacing-left-small:1.92%;\" data-animationType=\"fadeInUp\" data-animationDuration=\"1.0\" data-animationOffset=\"top-into-view\" data-scroll-devices=\"small-visibility,medium-visibility,large-visibility\"><span class=\"fusion-column-inner-bg hover-type-liftup\"><span class=\"fusion-column-anchor\"><div class=\"awb-column__background-slider\" ><div class=\"awb-background-slider\" data-type=\"column\" data-loop=\"yes\" data-animation=\"fade\" data-slideshow-speed=\"5000\" data-animation-speed=\"800\" data-direction=\"up\" style=\"--awb-image-position:49% 77%;\"><div class=\"swiper-wrapper\"><div class=\"swiper-slide\"><img decoding=\"async\" width=\"665\" height=\"937\" src=\"https:\/\/sysdil.es\/wp-content\/uploads\/2024\/08\/P_SY-T40.png\" class=\"awb-background-slider__image lazyload\" alt=\"SY-T40\" srcset=\"data:image\/svg+xml,%3Csvg%20xmlns%3D%27http%3A%2F%2Fwww.w3.org%2F2000%2Fsvg%27%20width%3D%27665%27%20height%3D%27937%27%20viewBox%3D%270%200%20665%20937%27%3E%3Crect%20width%3D%27665%27%20height%3D%27937%27%20fill-opacity%3D%220%22%2F%3E%3C%2Fsvg%3E\" data-orig-src=\"https:\/\/sysdil.es\/wp-content\/uploads\/2024\/08\/P_SY-T40.png\" data-srcset=\"https:\/\/sysdil.es\/wp-content\/uploads\/2024\/08\/P_SY-T40-200x282.png 200w, https:\/\/sysdil.es\/wp-content\/uploads\/2024\/08\/P_SY-T40-213x300.png 213w, https:\/\/sysdil.es\/wp-content\/uploads\/2024\/08\/P_SY-T40-400x564.png 400w, https:\/\/sysdil.es\/wp-content\/uploads\/2024\/08\/P_SY-T40-500x705.png 500w, https:\/\/sysdil.es\/wp-content\/uploads\/2024\/08\/P_SY-T40-600x845.png 600w, https:\/\/sysdil.es\/wp-content\/uploads\/2024\/08\/P_SY-T40.png 665w\" data-sizes=\"auto\" data-orig- title=\"\"><\/div><div class=\"swiper-slide\"><img decoding=\"async\" width=\"590\" height=\"936\" src=\"https:\/\/sysdil.es\/wp-content\/uploads\/2024\/08\/P_SY-T40_2.png\" class=\"awb-background-slider__image lazyload\" alt=\"SY-T40\" srcset=\"data:image\/svg+xml,%3Csvg%20xmlns%3D%27http%3A%2F%2Fwww.w3.org%2F2000%2Fsvg%27%20width%3D%27590%27%20height%3D%27936%27%20viewBox%3D%270%200%20590%20936%27%3E%3Crect%20width%3D%27590%27%20height%3D%27936%27%20fill-opacity%3D%220%22%2F%3E%3C%2Fsvg%3E\" data-orig-src=\"https:\/\/sysdil.es\/wp-content\/uploads\/2024\/08\/P_SY-T40_2.png\" data-srcset=\"https:\/\/sysdil.es\/wp-content\/uploads\/2024\/08\/P_SY-T40_2-189x300.png 189w, https:\/\/sysdil.es\/wp-content\/uploads\/2024\/08\/P_SY-T40_2-200x317.png 200w, https:\/\/sysdil.es\/wp-content\/uploads\/2024\/08\/P_SY-T40_2-400x635.png 400w, https:\/\/sysdil.es\/wp-content\/uploads\/2024\/08\/P_SY-T40_2-500x793.png 500w, https:\/\/sysdil.es\/wp-content\/uploads\/2024\/08\/P_SY-T40_2.png 590w\" data-sizes=\"auto\" data-orig- title=\"\"><\/div><\/div><\/div><\/div><\/span><\/span><div class=\"fusion-column-wrapper fusion-flex-justify-content-flex-start fusion-content-layout-column\"><\/div><\/div><\/div><\/div><div class=\"fusion-fullwidth fullwidth-box fusion-builder-row-2 fusion-flex-container has-pattern-background has-mask-background nonhundred-percent-fullwidth non-hundred-percent-height-scrolling\" style=\"--awb-border-radius-top-left:0px;--awb-border-radius-top-right:0px;--awb-border-radius-bottom-right:0px;--awb-border-radius-bottom-left:0px;--awb-padding-top:0px;--awb-margin-top:0px;--awb-flex-wrap:wrap;\" ><div class=\"fusion-builder-row fusion-row fusion-flex-align-items-center fusion-flex-content-wrap\" style=\"max-width:1378px;margin-left: calc(-4% \/ 2 );margin-right: calc(-4% \/ 2 );\"><div class=\"fusion-layout-column fusion_builder_column fusion-builder-column-2 fusion-flex-column\" style=\"--awb-bg-size:cover;--awb-width-large:53%;--awb-margin-top-large:0px;--awb-spacing-right-large:3.622641509434%;--awb-margin-bottom-large:20px;--awb-spacing-left-large:3.622641509434%;--awb-width-medium:100%;--awb-order-medium:0;--awb-spacing-right-medium:1.92%;--awb-spacing-left-medium:1.92%;--awb-width-small:100%;--awb-order-small:0;--awb-spacing-right-small:1.92%;--awb-spacing-left-small:1.92%;\" data-scroll-devices=\"small-visibility,medium-visibility,large-visibility\"><div class=\"fusion-column-wrapper fusion-column-has-shadow fusion-flex-justify-content-flex-start fusion-content-layout-column\"><div class=\"fusion-text fusion-text-2\" style=\"--awb-font-size:17px;\"><p>Os sistemas ac\u00fastico-magn\u00e9ticos (AM) possuem a maior taxa de detec\u00e7\u00e3o do setor, permitindo maior cobertura de sa\u00edda, desativa\u00e7\u00e3o confi\u00e1vel e praticamente nenhum alarme falso.<\/p>\n<p>Nossa tecnologia AM \u00e9 eficaz na detec\u00e7\u00e3o de produtos protegidos contendo l\u00edquidos e metais n\u00e3o ferrosos.<br \/>\nO equipamento inclui m\u00faltiplas e avan\u00e7adas funcionalidades como:<\/p>\n<ul>\n<li>Alarme de etiqueta pr\u00f3xima, para detectar itens colocados muito pr\u00f3ximos do equipamento.<\/li>\n<li>\u201cModo verde\u201d para economizar energia<\/li>\n<\/ul>\n<\/div><div ><a class=\"fusion-button button-flat button-xlarge button-custom fusion-button-default button-1 fusion-button-default-span fusion-button-default-type\" style=\"--awb-margin-top:40px;--button_accent_color:var(--awb-color1);--button_accent_hover_color:var(--awb-color1);--button_border_hover_color:var(--awb-color1);--button_gradient_top_color:var(--awb-color5);--button_gradient_bottom_color:var(--awb-color5);--button_gradient_top_color_hover:var(--awb-color4);--button_gradient_bottom_color_hover:var(--awb-color4);\" target=\"_blank\" rel=\"noopener noreferrer\" href=\"\/wp-content\/uploads\/2024\/08\/SYT40.pdf\"><i class=\"fa-download fas awb-button__icon awb-button__icon--default button-icon-left\" aria-hidden=\"true\"><\/i><span class=\"fusion-button-text awb-button__text awb-button__text--default\">Ficha do produto<\/span><\/a><\/div><\/div><\/div><div class=\"fusion-layout-column fusion_builder_column fusion-builder-column-3 fusion-flex-column\" style=\"--awb-padding-top:20px;--awb-padding-right:20px;--awb-padding-bottom:20px;--awb-padding-left:20px;--awb-overflow:hidden;--awb-bg-color:rgba(234,234,234,0);--awb-bg-color-hover:rgba(234,234,234,0);--awb-bg-image:linear-gradient(180deg, #f4f4f4 0%,#eaeaea 100%);--awb-bg-size:cover;--awb-border-radius:4px 4px 90px 4px;--awb-width-large:47%;--awb-margin-top-large:0px;--awb-spacing-right-large:4.0851063829787%;--awb-margin-bottom-large:20px;--awb-spacing-left-large:4.0851063829787%;--awb-width-medium:100%;--awb-order-medium:0;--awb-spacing-right-medium:1.92%;--awb-spacing-left-medium:1.92%;--awb-width-small:100%;--awb-order-small:0;--awb-spacing-right-small:1.92%;--awb-spacing-left-small:1.92%;\" data-scroll-devices=\"small-visibility,medium-visibility,large-visibility\"><div class=\"fusion-column-wrapper fusion-column-has-shadow fusion-flex-justify-content-flex-start fusion-content-layout-column\"><div class=\"fusion-title title fusion-title-3 fusion-sep-none fusion-title-text fusion-title-size-two\" style=\"--awb-text-color:var(--awb-color5);--awb-margin-bottom:0px;--awb-margin-top-small:0px;--awb-margin-right-small:0px;--awb-margin-bottom-small:0px;--awb-margin-left-small:0px;--awb-font-size:24px;\"><h2 class=\"fusion-title-heading title-heading-left fusion-responsive-typography-calculated\" style=\"margin:0;font-size:1em;--fontSize:24;--minFontSize:24;line-height:var(--awb-typography1-line-height);\">CARACTER\u00cdSTICAS<\/h2><\/div><div class=\"fusion-separator\" style=\"align-self: flex-start;margin-right:auto;width:100%;max-width:120%;\"><div class=\"fusion-separator-border sep-single sep-solid\" style=\"--awb-height:20px;--awb-amount:20px;--awb-sep-color:var(--awb-color2);border-color:var(--awb-color2);border-top-width:2px;\"><\/div><\/div><ul style=\"--awb-line-height:23.8px;--awb-icon-width:23.8px;--awb-icon-height:23.8px;--awb-icon-margin:9.8px;--awb-content-margin:33.6px;--awb-circlecolor:var(--awb-color5);--awb-circle-yes-font-size:12.32px;\" class=\"fusion-checklist fusion-checklist-1 fusion-checklist-default type-icons\"><li class=\"fusion-li-item\" style=\"\"><span class=\"icon-wrapper circle-yes\"><i class=\"fusion-li-icon fa-angle-right fas\" aria-hidden=\"true\"><\/i><\/span><div class=\"fusion-li-item-content\">Manuten\u00e7\u00e3o remota via WiFi<\/div><\/li><li class=\"fusion-li-item\" style=\"\"><span class=\"icon-wrapper circle-yes\"><i class=\"fusion-li-icon fa-angle-right fas\" aria-hidden=\"true\"><\/i><\/span><div class=\"fusion-li-item-content\">Sistema de alto desempenho para prote\u00e7\u00e3o eletr\u00f4nica de artigos (EAS)<\/div><\/li><li class=\"fusion-li-item\" style=\"\"><span class=\"icon-wrapper circle-yes\"><i class=\"fusion-li-icon fa-angle-right fas\" aria-hidden=\"true\"><\/i><\/span><div class=\"fusion-li-item-content\">Pedestal com design moderno e robusto que se integra perfeitamente com a decora\u00e7\u00e3o do estabelecimento<\/div><\/li><li class=\"fusion-li-item\" style=\"\"><span class=\"icon-wrapper circle-yes\"><i class=\"fusion-li-icon fa-angle-right fas\" aria-hidden=\"true\"><\/i><\/span><div class=\"fusion-li-item-content\">Pedestal de fibra de vidro muito resistente<\/div><\/li><li class=\"fusion-li-item\" style=\"\"><span class=\"icon-wrapper circle-yes\"><i class=\"fusion-li-icon fa-angle-right fas\" aria-hidden=\"true\"><\/i><\/span><div class=\"fusion-li-item-content\">Design aberto, permite visibilidade perfeita e minimiza a obstru\u00e7\u00e3o visual<\/div><\/li><li class=\"fusion-li-item\" style=\"\"><span class=\"icon-wrapper circle-yes\"><i class=\"fusion-li-icon fa-angle-right fas\" aria-hidden=\"true\"><\/i><\/span><div class=\"fusion-li-item-content\">Op\u00e7\u00e3o de adicionar protetores para proteger os sistemas contra impactos<\/div><\/li><li class=\"fusion-li-item\" style=\"\"><span class=\"icon-wrapper circle-yes\"><i class=\"fusion-li-icon fa-angle-right fas\" aria-hidden=\"true\"><\/i><\/span><div class=\"fusion-li-item-content\">Protege tomadas de at\u00e9 3m de largura com apenas 2 pedestais<\/div><\/li><li class=\"fusion-li-item\" style=\"\"><span class=\"icon-wrapper circle-yes\"><i class=\"fusion-li-icon fa-angle-right fas\" aria-hidden=\"true\"><\/i><\/span><div class=\"fusion-li-item-content\">Com alarme visual e sonoro integrado para maior visibilidade<\/div><\/li><li class=\"fusion-li-item\" style=\"\"><span class=\"icon-wrapper circle-yes\"><i class=\"fusion-li-icon fa-angle-right fas\" aria-hidden=\"true\"><\/i><\/span><div class=\"fusion-li-item-content\">M\u00faltiplas configura\u00e7\u00f5es com 1, 2, 3 pedestais<\/div><\/li><li class=\"fusion-li-item\" style=\"\"><span class=\"icon-wrapper circle-yes\"><i class=\"fusion-li-icon fa-angle-right fas\" aria-hidden=\"true\"><\/i><\/span><div class=\"fusion-li-item-content\">Compat\u00edvel com toda a gama de etiquetas magn\u00e9ticas personalizadas<\/div><\/li><\/ul><\/div><\/div><\/div><\/div><div class=\"fusion-fullwidth fullwidth-box fusion-builder-row-3 fusion-flex-container has-pattern-background has-mask-background fusion-parallax-none nonhundred-percent-fullwidth non-hundred-percent-height-scrolling lazyload\" style=\"--awb-border-radius-top-left:0px;--awb-border-radius-top-right:0px;--awb-border-radius-bottom-right:0px;--awb-border-radius-bottom-left:0px;--awb-padding-top:4%;--awb-padding-bottom:4%;--awb-margin-bottom:0px;--awb-background-color:rgba(6,6,7,0);--awb-background-image:linear-gradient(180deg, rgba(6,6,7,0.64) 0%,rgba(6,6,7,0.64) 100%);;--awb-background-size:cover;--awb-flex-wrap:wrap;\" data-bg=\"https:\/\/sysdil.es\/wp-content\/uploads\/2024\/07\/fondo-nube.jpg\" data-bg-gradient=\"linear-gradient(180deg, rgba(6,6,7,0.64) 0%,rgba(6,6,7,0.64) 100%)\" ><div class=\"fusion-builder-row fusion-row fusion-flex-align-items-flex-start fusion-flex-content-wrap\" style=\"max-width:1378px;margin-left: calc(-4% \/ 2 );margin-right: calc(-4% \/ 2 );\"><div class=\"fusion-layout-column fusion_builder_column fusion-builder-column-4 fusion_builder_column_1_5 1_5 fusion-flex-column fusion-no-small-visibility\" style=\"--awb-bg-size:cover;--awb-width-large:20%;--awb-margin-top-large:0px;--awb-spacing-right-large:0%;--awb-margin-bottom-large:20px;--awb-spacing-left-large:9.6%;--awb-width-medium:100%;--awb-spacing-right-medium:1.92%;--awb-spacing-left-medium:1.92%;--awb-width-small:100%;--awb-spacing-right-small:1.92%;--awb-spacing-left-small:1.92%;\"><div class=\"fusion-column-wrapper fusion-column-has-shadow fusion-flex-justify-content-flex-start fusion-content-layout-column\"><div class=\"fusion-separator fusion-full-width-sep\" style=\"align-self: center;margin-left: auto;margin-right: auto;width:100%;\"><\/div><\/div><\/div><div class=\"fusion-layout-column fusion_builder_column fusion-builder-column-5 fusion_builder_column_3_5 3_5 fusion-flex-column fusion-animated\" style=\"--awb-bg-size:cover;--awb-width-large:60%;--awb-margin-top-large:0px;--awb-spacing-right-large:0%;--awb-margin-bottom-large:20px;--awb-spacing-left-large:0%;--awb-width-medium:100%;--awb-spacing-right-medium:1.92%;--awb-spacing-left-medium:1.92%;--awb-width-small:100%;--awb-spacing-right-small:1.92%;--awb-spacing-left-small:1.92%;\" data-animationType=\"fadeInUp\" data-animationDuration=\"1.0\" data-animationOffset=\"top-into-view\"><div class=\"fusion-column-wrapper fusion-column-has-shadow fusion-flex-justify-content-flex-start fusion-content-layout-column\"><div class=\"fusion-text fusion-text-3\" style=\"--awb-text-color:#eaeaea;\"><p style=\"text-align: center; font-size: 23px;\" data-fusion-font=\"true\">Conhe\u00e7a nossos sistemas antifurto com tecnologias personalizadas para proteger seus itens e atender \u00e0s necessidades do seu neg\u00f3cio<\/p>\n<\/div><div style=\"text-align:center;\"><a class=\"fusion-button button-flat button-xlarge button-custom fusion-button-default button-2 fusion-button-default-span fusion-button-default-type\" style=\"--button_accent_color:var(--awb-color1);--button_accent_hover_color:var(--awb-color1);--button_border_hover_color:var(--awb-color1);--button_gradient_top_color:var(--awb-color5);--button_gradient_bottom_color:var(--awb-color5);--button_gradient_top_color_hover:var(--awb-color4);--button_gradient_bottom_color_hover:var(--awb-color4);\" target=\"_self\" href=\"\/contacto\"><span class=\"fusion-button-text awb-button__text awb-button__text--default\">Contate-nos!<\/span><i class=\"fitness-angle-right awb-button__icon awb-button__icon--default button-icon-right\" aria-hidden=\"true\"><\/i><\/a><\/div><\/div><\/div><div class=\"fusion-layout-column fusion_builder_column fusion-builder-column-6 fusion_builder_column_1_5 1_5 fusion-flex-column fusion-no-small-visibility\" style=\"--awb-bg-size:cover;--awb-width-large:20%;--awb-margin-top-large:0px;--awb-spacing-right-large:9.6%;--awb-margin-bottom-large:20px;--awb-spacing-left-large:0%;--awb-width-medium:100%;--awb-spacing-right-medium:1.92%;--awb-spacing-left-medium:1.92%;--awb-width-small:100%;--awb-spacing-right-small:1.92%;--awb-spacing-left-small:1.92%;\"><div class=\"fusion-column-wrapper fusion-column-has-shadow fusion-flex-justify-content-flex-start fusion-content-layout-column\"><div class=\"fusion-separator fusion-full-width-sep\" style=\"align-self: center;margin-left: auto;margin-right: auto;width:100%;\"><\/div><\/div><\/div><\/div><\/div><\/p>\n","protected":false},"excerpt":{"rendered":"","protected":false},"author":1,"featured_media":0,"parent":97573,"menu_order":0,"comment_status":"closed","ping_status":"closed","template":"100-width.php","meta":{"footnotes":""},"class_list":["post-97636","page","type-page","status-publish","hentry"],"_links":{"self":[{"href":"https:\/\/sysdil.es\/pt-pt\/wp-json\/wp\/v2\/pages\/97636","targetHints":{"allow":["GET"]}}],"collection":[{"href":"https:\/\/sysdil.es\/pt-pt\/wp-json\/wp\/v2\/pages"}],"about":[{"href":"https:\/\/sysdil.es\/pt-pt\/wp-json\/wp\/v2\/types\/page"}],"author":[{"embeddable":true,"href":"https:\/\/sysdil.es\/pt-pt\/wp-json\/wp\/v2\/users\/1"}],"replies":[{"embeddable":true,"href":"https:\/\/sysdil.es\/pt-pt\/wp-json\/wp\/v2\/comments?post=97636"}],"version-history":[{"count":3,"href":"https:\/\/sysdil.es\/pt-pt\/wp-json\/wp\/v2\/pages\/97636\/revisions"}],"predecessor-version":[{"id":97640,"href":"https:\/\/sysdil.es\/pt-pt\/wp-json\/wp\/v2\/pages\/97636\/revisions\/97640"}],"up":[{"embeddable":true,"href":"https:\/\/sysdil.es\/pt-pt\/wp-json\/wp\/v2\/pages\/97573"}],"wp:attachment":[{"href":"https:\/\/sysdil.es\/pt-pt\/wp-json\/wp\/v2\/media?parent=97636"}],"curies":[{"name":"wp","href":"https:\/\/api.w.org\/{rel}","templated":true}]}}