{"id":97541,"date":"2024-08-28T08:36:31","date_gmt":"2024-08-28T06:36:31","guid":{"rendered":"http:\/\/www.sysdil.es.mialias.net\/?post_type=product&#038;p=97541"},"modified":"2026-02-23T16:25:00","modified_gmt":"2026-02-23T15:25:00","slug":"etiquetas-alarme-adesivo-rf","status":"publish","type":"product","link":"https:\/\/sysdil.es\/pt-pt\/producto\/etiquetas-alarme-adesivo-rf\/","title":{"rendered":"Etiquetas alarme adesivo RF"},"content":{"rendered":"<p>Etiquetas adesivas de radiofrequ\u00eancia. Compat\u00edvel com sistemas EAS das marcas: <strong>SIDEP\u00ae WG\u00ae Gateway\u00ae Crosspoint\u00ae<\/strong><\/p>\n<p>Tags de alarme RF est\u00e3o dispon\u00edveis em v\u00e1rios formatos:<\/p>\n<ul>\n<li>O modelo 4\u00d74 com c\u00f3digo de barras para coloca\u00e7\u00e3o direta no produto.<\/li>\n<li>O modelo 4\u00d74 preto e branco<\/li>\n<li>O c\u00f3digo de barras preto e branco Modelo 5\u00d75<\/li>\n<\/ul>\n<p><strong>Caracter\u00edsticas:<\/strong><\/p>\n<ul>\n<li>Frequ\u00eancia de r\u00e1dio 8,2 MHz<\/li>\n<li>Etiqueta adesiva 4\u00d74 RF 8,2 MHz<\/li>\n<li>Desativ\u00e1vel<\/li>\n<li>C\u00f3digo de barras\/branco\/transparente.<\/li>\n<\/ul>\n<p><strong>Medidas de 40&#215;40 mm.<\/strong><\/p>\n<p><strong>Fornecido em rolos de 1.000 unidades.<\/strong><\/p>\n","protected":false},"excerpt":{"rendered":"<p>Etiquetas de Alarme Rolos de 1000 Unidades As Etiquetas de Alarme RF est\u00e3o dispon\u00edveis em v\u00e1rios formatos:<\/p>\n<ul>\n<li>1-Modelo 4\u00d74 com c\u00f3digo de barras para coloca\u00e7\u00e3o directa no produto.<\/li>\n<li>2-O modelo 4\u00d74 preto e branco<\/li>\n<li>3-O modelo 5\u00d75 preto e branco com c\u00f3digo de barras<\/li>\n<\/ul>\n","protected":false},"featured_media":97774,"comment_status":"open","ping_status":"closed","template":"","meta":[],"product_brand":[],"product_cat":[158,184,233],"product_tag":[46,47,51],"class_list":{"0":"post-97541","1":"product","2":"type-product","3":"status-publish","4":"has-post-thumbnail","6":"product_cat-acessorios-antifurto","7":"product_cat-consumiveis-antifurto","8":"product_cat-etiquetas-adesivas","9":"product_tag-alarmas-etiquetas-adhesivas","10":"product_tag-antihurto","11":"product_tag-radiofrecuencia","13":"first","14":"instock","15":"taxable","16":"shipping-taxable","17":"purchasable","18":"product-type-simple"},"_links":{"self":[{"href":"https:\/\/sysdil.es\/pt-pt\/wp-json\/wp\/v2\/product\/97541","targetHints":{"allow":["GET"]}}],"collection":[{"href":"https:\/\/sysdil.es\/pt-pt\/wp-json\/wp\/v2\/product"}],"about":[{"href":"https:\/\/sysdil.es\/pt-pt\/wp-json\/wp\/v2\/types\/product"}],"replies":[{"embeddable":true,"href":"https:\/\/sysdil.es\/pt-pt\/wp-json\/wp\/v2\/comments?post=97541"}],"wp:featuredmedia":[{"embeddable":true,"href":"https:\/\/sysdil.es\/pt-pt\/wp-json\/wp\/v2\/media\/97774"}],"wp:attachment":[{"href":"https:\/\/sysdil.es\/pt-pt\/wp-json\/wp\/v2\/media?parent=97541"}],"wp:term":[{"taxonomy":"product_brand","embeddable":true,"href":"https:\/\/sysdil.es\/pt-pt\/wp-json\/wp\/v2\/product_brand?post=97541"},{"taxonomy":"product_cat","embeddable":true,"href":"https:\/\/sysdil.es\/pt-pt\/wp-json\/wp\/v2\/product_cat?post=97541"},{"taxonomy":"product_tag","embeddable":true,"href":"https:\/\/sysdil.es\/pt-pt\/wp-json\/wp\/v2\/product_tag?post=97541"}],"curies":[{"name":"wp","href":"https:\/\/api.w.org\/{rel}","templated":true}]}}