{"id":97544,"date":"2024-08-28T08:42:04","date_gmt":"2024-08-28T06:42:04","guid":{"rendered":"http:\/\/www.sysdil.es.mialias.net\/?post_type=product&#038;p=97544"},"modified":"2024-12-09T12:46:34","modified_gmt":"2024-12-09T11:46:34","slug":"etiqueta-optitag-para-oculos","status":"publish","type":"product","link":"https:\/\/sysdil.es\/pt-pt\/producto\/etiqueta-optitag-para-oculos\/","title":{"rendered":"ETIQUETA OPTITAG para \u00f3culos"},"content":{"rendered":"<p><strong>Especifica\u00e7\u00f5es:<\/strong><\/p>\n<ul>\n<li>Etiqueta ou etiqueta compat\u00edvel com o sistema antifurto EAS RF de 8,2 MHz e 58 Khz AM<\/li>\n<li>Tamanho: 70x15x23mm.<\/li>\n<li>Cor da etiqueta: Preto<\/li>\n<li>Fixa\u00e7\u00e3o ao produto atrav\u00e9s de fixa\u00e7\u00e3o ajust\u00e1vel de 0 a 23 mm.<\/li>\n<li>Etiqueta r\u00edgida reutiliz\u00e1vel.<\/li>\n<li>Requer desacoplador espec\u00edfico<\/li>\n<\/ul>\n","protected":false},"excerpt":{"rendered":"<p><strong>BLACK OPTITAG LABEL \u00d3culos<\/strong>, \u00f3culos de sol\u2026 S\u00e3o geralmente artigos caros que merecem um \u00f3timo sistema anti-roubo. A pequena dimens\u00e3o do objeto exige um investimento particular em seguran\u00e7a\u2026 que n\u00e3o deve criar um clima de suspei\u00e7\u00e3o e prejudicar o conforto do potencial cliente. Etiqueta compat\u00edvel com os sistemas anti-roubo EAS AM 58 KHz e RF 8,2 MHz \u00c9 uma etiqueta que \u00e9 colada numa das hastes dos \u00f3culos a proteger. \u00c9 poss\u00edvel configurar a altura de fixa\u00e7\u00e3o de acordo com a necessidade. Ideal para \u00f3culos \u00f3pticos ou \u00f3culos de sol.<\/p>\n","protected":false},"featured_media":3348,"comment_status":"open","ping_status":"closed","template":"","meta":[],"product_brand":[],"product_cat":[158,184,232],"product_tag":[],"class_list":{"0":"post-97544","1":"product","2":"type-product","3":"status-publish","4":"has-post-thumbnail","6":"product_cat-acessorios-antifurto","7":"product_cat-consumiveis-antifurto","8":"product_cat-etiquetas-rigidas-pt-pt","10":"first","11":"instock","12":"taxable","13":"shipping-taxable","14":"purchasable","15":"product-type-simple"},"_links":{"self":[{"href":"https:\/\/sysdil.es\/pt-pt\/wp-json\/wp\/v2\/product\/97544","targetHints":{"allow":["GET"]}}],"collection":[{"href":"https:\/\/sysdil.es\/pt-pt\/wp-json\/wp\/v2\/product"}],"about":[{"href":"https:\/\/sysdil.es\/pt-pt\/wp-json\/wp\/v2\/types\/product"}],"replies":[{"embeddable":true,"href":"https:\/\/sysdil.es\/pt-pt\/wp-json\/wp\/v2\/comments?post=97544"}],"wp:featuredmedia":[{"embeddable":true,"href":"https:\/\/sysdil.es\/pt-pt\/wp-json\/wp\/v2\/media\/3348"}],"wp:attachment":[{"href":"https:\/\/sysdil.es\/pt-pt\/wp-json\/wp\/v2\/media?parent=97544"}],"wp:term":[{"taxonomy":"product_brand","embeddable":true,"href":"https:\/\/sysdil.es\/pt-pt\/wp-json\/wp\/v2\/product_brand?post=97544"},{"taxonomy":"product_cat","embeddable":true,"href":"https:\/\/sysdil.es\/pt-pt\/wp-json\/wp\/v2\/product_cat?post=97544"},{"taxonomy":"product_tag","embeddable":true,"href":"https:\/\/sysdil.es\/pt-pt\/wp-json\/wp\/v2\/product_tag?post=97544"}],"curies":[{"name":"wp","href":"https:\/\/api.w.org\/{rel}","templated":true}]}}