{"id":97548,"date":"2024-08-28T08:46:53","date_gmt":"2024-08-28T06:46:53","guid":{"rendered":"http:\/\/www.sysdil.es.mialias.net\/?post_type=product&#038;p=97548"},"modified":"2026-03-05T09:49:08","modified_gmt":"2026-03-05T08:49:08","slug":"etiqueta-de-alarme-textil-rambo","status":"publish","type":"product","link":"https:\/\/sysdil.es\/pt-pt\/producto\/etiqueta-de-alarme-textil-rambo\/","title":{"rendered":"Etiqueta de alarme t\u00eaxtil RAMBO"},"content":{"rendered":"<p>Etiquetas magn\u00e9ticas de prote\u00e7\u00e3o t\u00eaxtil SYSDIL\u00ae RAMBO Acustomizadas<br \/>\nRAMBO da Acustomagn\u00e9tica \u00e9 a melhor op\u00e7\u00e3o do mercado pela sua confiabilidade, para prote\u00e7\u00e3o de produtos t\u00eaxteis e acess\u00f3rios.<br \/>\nPode ser combinado com mangueiras para bolsas, sapatos e acess\u00f3rios.<br \/>\nRAMBO, como seus antecessores, mant\u00e9m o padr\u00e3o da ind\u00fastria para atender \u00e0s expectativas dos varejistas em termos de est\u00e9tica e integridade da etiqueta.<\/p>\n<p><strong>Caracter\u00edsticas:<\/strong><\/p>\n<ul>\n<li>Design discreto. O tamanho reduzido oferece o impedimento visual correto sem prejudicar a apresenta\u00e7\u00e3o dos itens.<\/li>\n<li>\u00e7Material leve. RAMBO pode ser aplicado numa vasta gama de pe\u00e7as de vestu\u00e1rio, minimizando o efeito negativo mesmo nas pe\u00e7as mais delicadas.<\/li>\n<li>Alto desempenho. RAMBO usa tecnologia de polariza\u00e7\u00e3o\/ressonador altamente confi\u00e1vel, oferecendo detec\u00e7\u00e3o consistente e sem tens\u00e3o.<\/li>\n<\/ul>\n<p><strong>UNIDADES: 500 Unidades<\/strong><\/p>\n","protected":false},"excerpt":{"rendered":"<p>RAMBO da Acustomagn\u00e9tica \u00e9 a melhor op\u00e7\u00e3o do mercado pela sua fiabilidade, para protec\u00e7\u00e3o de produtos t\u00eaxteis e acess\u00f3rios. Compat\u00edvel com os sistemas anti-roubo CheckPoint-Nedap-Sidep-Gateway.<\/p>\n","protected":false},"featured_media":96052,"comment_status":"open","ping_status":"closed","template":"","meta":[],"product_brand":[],"product_cat":[158,184,232],"product_tag":[45,48,47,49],"class_list":{"0":"post-97548","1":"product","2":"type-product","3":"status-publish","4":"has-post-thumbnail","6":"product_cat-acessorios-antifurto","7":"product_cat-consumiveis-antifurto","8":"product_cat-etiquetas-rigidas-pt-pt","9":"product_tag-acustomagnetica","10":"product_tag-alarmas-para-ropa","11":"product_tag-antihurto","12":"product_tag-consumibles-alarmas","14":"first","15":"instock","16":"taxable","17":"shipping-taxable","18":"purchasable","19":"product-type-simple"},"_links":{"self":[{"href":"https:\/\/sysdil.es\/pt-pt\/wp-json\/wp\/v2\/product\/97548","targetHints":{"allow":["GET"]}}],"collection":[{"href":"https:\/\/sysdil.es\/pt-pt\/wp-json\/wp\/v2\/product"}],"about":[{"href":"https:\/\/sysdil.es\/pt-pt\/wp-json\/wp\/v2\/types\/product"}],"replies":[{"embeddable":true,"href":"https:\/\/sysdil.es\/pt-pt\/wp-json\/wp\/v2\/comments?post=97548"}],"wp:featuredmedia":[{"embeddable":true,"href":"https:\/\/sysdil.es\/pt-pt\/wp-json\/wp\/v2\/media\/96052"}],"wp:attachment":[{"href":"https:\/\/sysdil.es\/pt-pt\/wp-json\/wp\/v2\/media?parent=97548"}],"wp:term":[{"taxonomy":"product_brand","embeddable":true,"href":"https:\/\/sysdil.es\/pt-pt\/wp-json\/wp\/v2\/product_brand?post=97548"},{"taxonomy":"product_cat","embeddable":true,"href":"https:\/\/sysdil.es\/pt-pt\/wp-json\/wp\/v2\/product_cat?post=97548"},{"taxonomy":"product_tag","embeddable":true,"href":"https:\/\/sysdil.es\/pt-pt\/wp-json\/wp\/v2\/product_tag?post=97548"}],"curies":[{"name":"wp","href":"https:\/\/api.w.org\/{rel}","templated":true}]}}