{"id":97557,"date":"2024-08-28T09:10:14","date_gmt":"2024-08-28T07:10:14","guid":{"rendered":"http:\/\/www.sysdil.es.mialias.net\/?post_type=product&#038;p=97557"},"modified":"2024-12-09T12:45:28","modified_gmt":"2024-12-09T11:45:28","slug":"desativador-de-etiqueta-adesiva-rf","status":"publish","type":"product","link":"https:\/\/sysdil.es\/pt-pt\/producto\/desativador-de-etiqueta-adesiva-rf\/","title":{"rendered":"Desativador de etiqueta adesiva RF"},"content":{"rendered":"<p><strong>Desativador de etiqueta de radiofrequ\u00eancia digital de 8,2 MHz<\/strong><br \/>\nO Desativador de Adesivos de Radiofrequ\u00eancia proporciona uma desativa\u00e7\u00e3o conveniente e simples, mesmo nos menores pontos de checkout.<br \/>\nProjetada para aplica\u00e7\u00f5es front-end de servi\u00e7o m\u00e9dio, esta unidade desativa tags RF.<br \/>\nDesativador eletr\u00f4nico remoto RF 8,2 MHz.<br \/>\nInclui fonte de alimenta\u00e7\u00e3o.<br \/>\nMedidas: 300x300x18mm. Feito de pl\u00e1stico ABS<\/p>\n<p><strong>Benef\u00edcios para o varejista:<\/strong><br \/>\nDesativa\u00e7\u00e3o confi\u00e1vel para aumentar o atendimento ao cliente e reduzir alarmes falsos.<br \/>\nIndicadores sonoros e visuais integrados fornecem aviso imediato quando tags ativas s\u00e3o detectadas e desativadas, melhorando a produtividade inicial.<\/p>\n","protected":false},"excerpt":{"rendered":"<p>O Desativador de Adesivos de Radiofrequ\u00eancia proporciona uma desativa\u00e7\u00e3o simples e conveniente at\u00e9 nos mais pequenos pontos de checkout.<\/p>\n<p>Desativador eletr\u00f3nico remoto RF 8,2 MHz. Inclui fonte de alimenta\u00e7\u00e3o. Medidas: 300x300x18mm. Fabricado em pl\u00e1stico ABS<\/p>\n","protected":false},"featured_media":96051,"comment_status":"open","ping_status":"closed","template":"","meta":[],"product_brand":[],"product_cat":[234,158,236],"product_tag":[53,47,50,54,51],"class_list":{"0":"post-97557","1":"product","2":"type-product","3":"status-publish","4":"has-post-thumbnail","6":"product_cat-acessorios","7":"product_cat-acessorios-antifurto","8":"product_cat-desativadores","9":"product_tag-alarmas-adhesivas-radiofrecuencia","10":"product_tag-antihurto","11":"product_tag-barreras-antihurto","12":"product_tag-desactivacion","13":"product_tag-radiofrecuencia","15":"first","16":"instock","17":"taxable","18":"shipping-taxable","19":"purchasable","20":"product-type-simple"},"_links":{"self":[{"href":"https:\/\/sysdil.es\/pt-pt\/wp-json\/wp\/v2\/product\/97557","targetHints":{"allow":["GET"]}}],"collection":[{"href":"https:\/\/sysdil.es\/pt-pt\/wp-json\/wp\/v2\/product"}],"about":[{"href":"https:\/\/sysdil.es\/pt-pt\/wp-json\/wp\/v2\/types\/product"}],"replies":[{"embeddable":true,"href":"https:\/\/sysdil.es\/pt-pt\/wp-json\/wp\/v2\/comments?post=97557"}],"wp:featuredmedia":[{"embeddable":true,"href":"https:\/\/sysdil.es\/pt-pt\/wp-json\/wp\/v2\/media\/96051"}],"wp:attachment":[{"href":"https:\/\/sysdil.es\/pt-pt\/wp-json\/wp\/v2\/media?parent=97557"}],"wp:term":[{"taxonomy":"product_brand","embeddable":true,"href":"https:\/\/sysdil.es\/pt-pt\/wp-json\/wp\/v2\/product_brand?post=97557"},{"taxonomy":"product_cat","embeddable":true,"href":"https:\/\/sysdil.es\/pt-pt\/wp-json\/wp\/v2\/product_cat?post=97557"},{"taxonomy":"product_tag","embeddable":true,"href":"https:\/\/sysdil.es\/pt-pt\/wp-json\/wp\/v2\/product_tag?post=97557"}],"curies":[{"name":"wp","href":"https:\/\/api.w.org\/{rel}","templated":true}]}}