{"id":98392,"date":"2026-02-25T10:51:58","date_gmt":"2026-02-25T09:51:58","guid":{"rendered":"https:\/\/sysdil.es\/producto\/rambo-autocolante-de-alarme-textil-preto\/"},"modified":"2026-04-15T10:01:53","modified_gmt":"2026-04-15T08:01:53","slug":"etiqueta-alarma-rambo-textil-negra","status":"publish","type":"product","link":"https:\/\/sysdil.es\/pt-pt\/producto\/etiqueta-alarma-rambo-textil-negra\/","title":{"rendered":"Etiqueta Alarma RAMBO Textil NEGRA"},"content":{"rendered":"<p><strong>Etiquetas Acustomagn\u00e9tica de protecci\u00f3n para textil de SYSDIL\u00ae RAMBO<\/strong><br \/>\nRAMBO de Acustomagn\u00e9tica es la mejor opci\u00f3n del mercado por su fiabilidad, para la protecci\u00f3n de productos de textil y complementos.<br \/>\nSe puede combinar con Latiguillos para los bolsos, calzados y complementos.<br \/>\nRAMBO, como sus predecesoras, mantiene el est\u00e1ndar de la industria para satisfacer las expectativas de los minoristas en cuesti\u00f3n de est\u00e9tica e integridad de la etiqueta.<\/p>\n<p>Caracter\u00edsticas:<\/p>\n<ul>\n<li>Dise\u00f1o discreto. El peque\u00f1o tama\u00f1o ofrece la correcta disuasi\u00f3n visual sin desmerecer la presentaci\u00f3n de los art\u00edculos.<\/li>\n<li>Material ligero. RAMBO puede aplicarse a una amplia gama de prendas, minimizando el efecto negativo incluso en las prendas m\u00e1s delicadas.<\/li>\n<li>Alto rendimiento. RAMBO utiliza tecnolog\u00eda de polarizaci\u00f3n\/resonador muy fiable, ofreciendo una detecci\u00f3n consistente y libre de forzajes.<\/li>\n<\/ul>\n<p><strong><br \/>\nUNIDADES: 500 Unidades<\/strong><\/p>\n","protected":false},"excerpt":{"rendered":"<p>Etiquetas <strong>antihurto RAMBO de acustomagn\u00e9tica<\/strong> es la mejor opci\u00f3n del mercado por su fiabilidad, para la protecci\u00f3n de productos de textil y complementos.<\/p>\n<p>Compatible con los sistemas antihurto de tecnolog\u00eda acustomagn\u00e9tica<\/p>\n","protected":false},"featured_media":97976,"comment_status":"open","ping_status":"closed","template":"","meta":[],"product_brand":[],"product_cat":[184,232],"product_tag":[193,194,190,199],"class_list":{"0":"post-98392","1":"product","2":"type-product","3":"status-publish","4":"has-post-thumbnail","6":"product_cat-consumiveis-antifurto","7":"product_cat-etiquetas-rigidas-pt-pt","8":"product_tag-alarmes-de-roupas","9":"product_tag-antifurto","10":"product_tag-apersonalizado","11":"product_tag-consumiveis-de-alarme","13":"first","14":"instock","15":"taxable","16":"shipping-taxable","17":"purchasable","18":"product-type-simple"},"_links":{"self":[{"href":"https:\/\/sysdil.es\/pt-pt\/wp-json\/wp\/v2\/product\/98392","targetHints":{"allow":["GET"]}}],"collection":[{"href":"https:\/\/sysdil.es\/pt-pt\/wp-json\/wp\/v2\/product"}],"about":[{"href":"https:\/\/sysdil.es\/pt-pt\/wp-json\/wp\/v2\/types\/product"}],"replies":[{"embeddable":true,"href":"https:\/\/sysdil.es\/pt-pt\/wp-json\/wp\/v2\/comments?post=98392"}],"wp:featuredmedia":[{"embeddable":true,"href":"https:\/\/sysdil.es\/pt-pt\/wp-json\/wp\/v2\/media\/97976"}],"wp:attachment":[{"href":"https:\/\/sysdil.es\/pt-pt\/wp-json\/wp\/v2\/media?parent=98392"}],"wp:term":[{"taxonomy":"product_brand","embeddable":true,"href":"https:\/\/sysdil.es\/pt-pt\/wp-json\/wp\/v2\/product_brand?post=98392"},{"taxonomy":"product_cat","embeddable":true,"href":"https:\/\/sysdil.es\/pt-pt\/wp-json\/wp\/v2\/product_cat?post=98392"},{"taxonomy":"product_tag","embeddable":true,"href":"https:\/\/sysdil.es\/pt-pt\/wp-json\/wp\/v2\/product_tag?post=98392"}],"curies":[{"name":"wp","href":"https:\/\/api.w.org\/{rel}","templated":true}]}}