{"id":98394,"date":"2026-02-25T10:38:32","date_gmt":"2026-02-25T09:38:32","guid":{"rendered":"https:\/\/sysdil.es\/producto\/etiqueta-alarme-r50-textil-2\/"},"modified":"2026-04-15T10:02:13","modified_gmt":"2026-04-15T08:02:13","slug":"etiqueta-alarma-r50-textil","status":"publish","type":"product","link":"https:\/\/sysdil.es\/pt-pt\/producto\/etiqueta-alarma-r50-textil\/","title":{"rendered":"Etiqueta Alarma R50 Textil"},"content":{"rendered":"<p>Etiquetas radiofrecuencia de\u00a0<strong>protecci\u00f3n para textil de SYSDIL\u00ae R50<\/strong><br \/>\nR50 de radiofrecuencia para la protecci\u00f3n de productos de textil y complementos.<br \/>\nSe puede combinar con Latiguillos para los bolsos, calzados y complementos.<br \/>\nR50, como sus predecesoras, mantiene el est\u00e1ndar de la industria para satisfacer las expectativas de los minoristas en cuesti\u00f3n de est\u00e9tica e integridad de la etiqueta.<\/p>\n<p><strong>Caracter\u00edsticas:<\/strong><\/p>\n<ul>\n<li>Dise\u00f1o discreto. El peque\u00f1o tama\u00f1o ofrece la correcta disuasi\u00f3n visual sin desmerecer la presentaci\u00f3n de los art\u00edculos.<\/li>\n<li>Material ligero.R50 puede aplicarse a una amplia gama de prendas, minimizando el efecto negativo incluso en las prendas m\u00e1s delicadas.<\/li>\n<li>Alto rendimiento. R50 utiliza tecnolog\u00eda de polarizaci\u00f3n\/resonador muy fiable, ofreciendo una detecci\u00f3n consistente y libre de forzajes.<\/li>\n<\/ul>\n","protected":false},"excerpt":{"rendered":"<p>R50 de radiofrecuencia para la protecci\u00f3n de productos de textil y complementos.<br \/>\nSe puede combinar con Latiguillos para los bolsos, calzados y complementos.<br \/>\nCompatible con los sistemas antihurto que utilizan la Tecnolog\u00eda Radiofrecuencia (RF)<\/p>\n","protected":false},"featured_media":97974,"comment_status":"open","ping_status":"closed","template":"","meta":[],"product_brand":[],"product_cat":[184,232],"product_tag":[193,199,204],"class_list":{"0":"post-98394","1":"product","2":"type-product","3":"status-publish","4":"has-post-thumbnail","6":"product_cat-consumiveis-antifurto","7":"product_cat-etiquetas-rigidas-pt-pt","8":"product_tag-alarmes-de-roupas","9":"product_tag-consumiveis-de-alarme","10":"product_tag-frequencia-de-radio","12":"first","13":"instock","14":"taxable","15":"shipping-taxable","16":"product-type-simple"},"_links":{"self":[{"href":"https:\/\/sysdil.es\/pt-pt\/wp-json\/wp\/v2\/product\/98394","targetHints":{"allow":["GET"]}}],"collection":[{"href":"https:\/\/sysdil.es\/pt-pt\/wp-json\/wp\/v2\/product"}],"about":[{"href":"https:\/\/sysdil.es\/pt-pt\/wp-json\/wp\/v2\/types\/product"}],"replies":[{"embeddable":true,"href":"https:\/\/sysdil.es\/pt-pt\/wp-json\/wp\/v2\/comments?post=98394"}],"wp:featuredmedia":[{"embeddable":true,"href":"https:\/\/sysdil.es\/pt-pt\/wp-json\/wp\/v2\/media\/97974"}],"wp:attachment":[{"href":"https:\/\/sysdil.es\/pt-pt\/wp-json\/wp\/v2\/media?parent=98394"}],"wp:term":[{"taxonomy":"product_brand","embeddable":true,"href":"https:\/\/sysdil.es\/pt-pt\/wp-json\/wp\/v2\/product_brand?post=98394"},{"taxonomy":"product_cat","embeddable":true,"href":"https:\/\/sysdil.es\/pt-pt\/wp-json\/wp\/v2\/product_cat?post=98394"},{"taxonomy":"product_tag","embeddable":true,"href":"https:\/\/sysdil.es\/pt-pt\/wp-json\/wp\/v2\/product_tag?post=98394"}],"curies":[{"name":"wp","href":"https:\/\/api.w.org\/{rel}","templated":true}]}}