{"id":98424,"date":"2026-02-24T12:08:31","date_gmt":"2026-02-24T11:08:31","guid":{"rendered":"https:\/\/sysdil.es\/producto\/destacador-de-alarme-manual-supertag\/"},"modified":"2026-05-01T15:04:34","modified_gmt":"2026-05-01T13:04:34","slug":"desprendedor-manual-de-alarmas-supertag","status":"publish","type":"product","link":"https:\/\/sysdil.es\/pt-pt\/producto\/desprendedor-manual-de-alarmas-supertag\/","title":{"rendered":"Desprendedor Manual de Alarmas Supertag"},"content":{"rendered":"<p><strong>Desprendedor Manual de etiquetas Alarmas Supertag<\/strong><br \/>\nEl desprendedor manual SuperTag est\u00e1 dise\u00f1ado ergon\u00f3micamente para la comodidad y la eliminaci\u00f3n f\u00e1cil de etiquetas de SuperTags en el punto de venta.<br \/>\nCon solo 0.36kg (12.77oz), este desprendedor proporciona una soluci\u00f3n ligera, port\u00e1til y c\u00f3moda.<br \/>\nCuenta con un dise\u00f1o sim\u00e9trico de mango \/ gatillo que se adapta a usuarios zurdos y diestros e incluye un \u201cnido\u201d de etiquetas montado en la parte superior que permite una f\u00e1cil operaci\u00f3n con cualquier mano. Para mayor seguridad, este separador tiene un elemento EAS interno para sistemas de detecci\u00f3n de alarma si se intenta llevar de la tienda.<\/p>\n<p><strong>Beneficios para el minorista<\/strong><br \/>\nEl dise\u00f1o ambidiestro permite una operaci\u00f3n r\u00e1pida y f\u00e1cil con cualquier mano.<br \/>\nLa construcci\u00f3n robusta ayuda a garantizar un funcionamiento confiable a pesar de las ca\u00eddas y golpes diarios.<br \/>\nNo necesita energ\u00eda el\u00e9ctrica ni bater\u00edas para funcionar en ning\u00fan entorno.<br \/>\nEl cable de acero integrado ayuda a prevenir el uso no autorizado y evita su retiro de la tienda.<\/p>\n","protected":false},"excerpt":{"rendered":"<p>El SYSMATIC Desprendedor Manual para Etiquetas Super Tag es un dispositivo dise\u00f1ado para retirar las etiquetas de seguridad en puntos de venta.<\/p>\n","protected":false},"featured_media":97860,"comment_status":"open","ping_status":"closed","template":"","meta":[],"product_brand":[],"product_cat":[234,235],"product_tag":[],"class_list":{"0":"post-98424","1":"product","2":"type-product","3":"status-publish","4":"has-post-thumbnail","6":"product_cat-acessorios","7":"product_cat-destacadores","9":"first","10":"outofstock","11":"taxable","12":"shipping-taxable","13":"purchasable","14":"product-type-simple"},"_links":{"self":[{"href":"https:\/\/sysdil.es\/pt-pt\/wp-json\/wp\/v2\/product\/98424","targetHints":{"allow":["GET"]}}],"collection":[{"href":"https:\/\/sysdil.es\/pt-pt\/wp-json\/wp\/v2\/product"}],"about":[{"href":"https:\/\/sysdil.es\/pt-pt\/wp-json\/wp\/v2\/types\/product"}],"replies":[{"embeddable":true,"href":"https:\/\/sysdil.es\/pt-pt\/wp-json\/wp\/v2\/comments?post=98424"}],"wp:featuredmedia":[{"embeddable":true,"href":"https:\/\/sysdil.es\/pt-pt\/wp-json\/wp\/v2\/media\/97860"}],"wp:attachment":[{"href":"https:\/\/sysdil.es\/pt-pt\/wp-json\/wp\/v2\/media?parent=98424"}],"wp:term":[{"taxonomy":"product_brand","embeddable":true,"href":"https:\/\/sysdil.es\/pt-pt\/wp-json\/wp\/v2\/product_brand?post=98424"},{"taxonomy":"product_cat","embeddable":true,"href":"https:\/\/sysdil.es\/pt-pt\/wp-json\/wp\/v2\/product_cat?post=98424"},{"taxonomy":"product_tag","embeddable":true,"href":"https:\/\/sysdil.es\/pt-pt\/wp-json\/wp\/v2\/product_tag?post=98424"}],"curies":[{"name":"wp","href":"https:\/\/api.w.org\/{rel}","templated":true}]}}