{"id":98426,"date":"2026-02-24T11:53:13","date_gmt":"2026-02-24T10:53:13","guid":{"rendered":"https:\/\/sysdil.es\/producto\/desactivador-de-autocolantes-rf\/"},"modified":"2026-05-01T10:03:30","modified_gmt":"2026-05-01T08:03:30","slug":"desactivador-etiquetas-adhesivas-rf","status":"publish","type":"product","link":"https:\/\/sysdil.es\/pt-pt\/producto\/desactivador-etiquetas-adhesivas-rf\/","title":{"rendered":"Desactivador Etiquetas Adhesivas RF"},"content":{"rendered":"<p>El Deactivator de etiquetas adhesivas de radiofrecuencia, proporciona una desactivaci\u00f3n conveniente y simple, incluso en los puntos de pago m\u00e1s peque\u00f1os.<\/p>\n<p>Desactivador electr\u00f3nico a distancia RF 8,2 MHz. Incluye Fuente de Alimentaci\u00f3n.<br \/>\nMedidas de: 300x300x18mm.<br \/>\nFabricado en pl\u00e1stico ABS<\/p>\n","protected":false},"excerpt":{"rendered":"<p><strong>Desactivador etiquetas Radiofrecuencia Digital 8,2Mhz<\/strong><br \/>\nEl Desactivador de etiquetas adhesivas de radiofrecuencia, proporciona una desactivaci\u00f3n conveniente y simple, incluso en los puntos de pago m\u00e1s peque\u00f1os.<br \/>\nDise\u00f1ado para aplicaciones frontales de uso medio, esta unidad desactiva las etiquetas de Radiofrecuencia.<br \/>\nDesactivador electr\u00f3nico a distancia RF 8,2 MHz.<br \/>\nIncluye fuente de alimentaci\u00f3n.<br \/>\nMedidas de: 300x300x18mm. Fabricado en pl\u00e1stico ABS<\/p>\n<p><strong>Beneficios para el minorista:<\/strong><br \/>\nDesactivaci\u00f3n fiable para aumentar el servicio al cliente y reducir la falsas alarmas.<br \/>\nIndicadores sonoros y visuales integrado proporcionar un aviso inmediato cuando las etiquetas activas son detectado y desactivadas, lo que mejora productividad inicial.<\/p>\n","protected":false},"featured_media":97866,"comment_status":"open","ping_status":"closed","template":"","meta":[],"product_brand":[],"product_cat":[234,236],"product_tag":[],"class_list":{"0":"post-98426","1":"product","2":"type-product","3":"status-publish","4":"has-post-thumbnail","6":"product_cat-acessorios","7":"product_cat-desativadores","9":"first","10":"instock","11":"taxable","12":"shipping-taxable","13":"purchasable","14":"product-type-simple"},"_links":{"self":[{"href":"https:\/\/sysdil.es\/pt-pt\/wp-json\/wp\/v2\/product\/98426","targetHints":{"allow":["GET"]}}],"collection":[{"href":"https:\/\/sysdil.es\/pt-pt\/wp-json\/wp\/v2\/product"}],"about":[{"href":"https:\/\/sysdil.es\/pt-pt\/wp-json\/wp\/v2\/types\/product"}],"replies":[{"embeddable":true,"href":"https:\/\/sysdil.es\/pt-pt\/wp-json\/wp\/v2\/comments?post=98426"}],"wp:featuredmedia":[{"embeddable":true,"href":"https:\/\/sysdil.es\/pt-pt\/wp-json\/wp\/v2\/media\/97866"}],"wp:attachment":[{"href":"https:\/\/sysdil.es\/pt-pt\/wp-json\/wp\/v2\/media?parent=98426"}],"wp:term":[{"taxonomy":"product_brand","embeddable":true,"href":"https:\/\/sysdil.es\/pt-pt\/wp-json\/wp\/v2\/product_brand?post=98426"},{"taxonomy":"product_cat","embeddable":true,"href":"https:\/\/sysdil.es\/pt-pt\/wp-json\/wp\/v2\/product_cat?post=98426"},{"taxonomy":"product_tag","embeddable":true,"href":"https:\/\/sysdil.es\/pt-pt\/wp-json\/wp\/v2\/product_tag?post=98426"}],"curies":[{"name":"wp","href":"https:\/\/api.w.org\/{rel}","templated":true}]}}