{"id":98427,"date":"2024-12-28T18:15:07","date_gmt":"2024-12-28T17:15:07","guid":{"rendered":"https:\/\/sysdil.es\/producto\/am-eco-desactivador-de-etiquetas-antirroubo\/"},"modified":"2026-04-30T15:01:56","modified_gmt":"2026-04-30T13:01:56","slug":"desactivador-etiquetas-antihurto-am-eco","status":"publish","type":"product","link":"https:\/\/sysdil.es\/pt-pt\/producto\/desactivador-etiquetas-antihurto-am-eco\/","title":{"rendered":"Desactivador Etiquetas Antihurto AM ECO"},"content":{"rendered":"<p><strong>Desactivador etiquetas AM Digital 58 KHz<\/strong><br \/>\nEl Deactivator ECO, proporciona una desactivaci\u00f3n conveniente y simple, incluso en los puntos de pago m\u00e1s peque\u00f1os.<br \/>\nDise\u00f1ado para aplicaciones frontales de uso medio, esta unidad desactiva las etiquetas AM EAS una distancia de entre 2 y 4 cm. La Luz LED de desactivador proporciona una notificaci\u00f3n visual de la desactivaci\u00f3n de la alarma.<\/p>\n<p><strong>Beneficios para el minorista:<\/strong><br \/>\nDise\u00f1ado para incluso los puntos m\u00e1s peque\u00f1os pago para permitir el uso espacio m\u00e1ximo en el mostrador.<br \/>\nDesactivaci\u00f3n fiable para aumentar el servicio al cliente y reducir la falsas alarmas.<br \/>\nIndicadores sonoros y visuales integrado proporcionar un aviso inmediato cuando las etiquetas activas son detectado y desactivadas, lo que mejora productividad inicial.<\/p>\n","protected":false},"excerpt":{"rendered":"<p><strong>Desactivador electr\u00f3nico a distancia para etiquetas antihurto adhesivas AM de 58KHz.<\/strong><br \/>\nProceso de detecci\u00f3n y desactivaci\u00f3n en dos etapas<br \/>\nIndicadores de estado con notificaciones visuales y sonoras<br \/>\nOpciones de instalaci\u00f3n flexibles:<br \/>\nSobre mostrador<br \/>\nVertical<br \/>\nEmpotrado<br \/>\nAlimentaci\u00f3n mediante toma el\u00e9ctrico est\u00e1ndar<br \/>\nIncluye Fuente de Alimentaci\u00f3n.<br \/>\n<strong>Medidas: 200 \u00d72150 x 58 mm.<\/strong><br \/>\nFabricado en pl\u00e1stico ABS<\/p>\n","protected":false},"featured_media":98076,"comment_status":"open","ping_status":"closed","template":"","meta":[],"product_brand":[],"product_cat":[234,236],"product_tag":[194,190,195],"class_list":{"0":"post-98427","1":"product","2":"type-product","3":"status-publish","4":"has-post-thumbnail","6":"product_cat-acessorios","7":"product_cat-desativadores","8":"product_tag-antifurto","9":"product_tag-apersonalizado","10":"product_tag-barreiras-antifurto","12":"first","13":"instock","14":"taxable","15":"shipping-taxable","16":"purchasable","17":"product-type-simple"},"_links":{"self":[{"href":"https:\/\/sysdil.es\/pt-pt\/wp-json\/wp\/v2\/product\/98427","targetHints":{"allow":["GET"]}}],"collection":[{"href":"https:\/\/sysdil.es\/pt-pt\/wp-json\/wp\/v2\/product"}],"about":[{"href":"https:\/\/sysdil.es\/pt-pt\/wp-json\/wp\/v2\/types\/product"}],"replies":[{"embeddable":true,"href":"https:\/\/sysdil.es\/pt-pt\/wp-json\/wp\/v2\/comments?post=98427"}],"wp:featuredmedia":[{"embeddable":true,"href":"https:\/\/sysdil.es\/pt-pt\/wp-json\/wp\/v2\/media\/98076"}],"wp:attachment":[{"href":"https:\/\/sysdil.es\/pt-pt\/wp-json\/wp\/v2\/media?parent=98427"}],"wp:term":[{"taxonomy":"product_brand","embeddable":true,"href":"https:\/\/sysdil.es\/pt-pt\/wp-json\/wp\/v2\/product_brand?post=98427"},{"taxonomy":"product_cat","embeddable":true,"href":"https:\/\/sysdil.es\/pt-pt\/wp-json\/wp\/v2\/product_cat?post=98427"},{"taxonomy":"product_tag","embeddable":true,"href":"https:\/\/sysdil.es\/pt-pt\/wp-json\/wp\/v2\/product_tag?post=98427"}],"curies":[{"name":"wp","href":"https:\/\/api.w.org\/{rel}","templated":true}]}}