{"id":98428,"date":"2025-06-06T07:32:00","date_gmt":"2025-06-06T05:32:00","guid":{"rendered":"https:\/\/sysdil.es\/producto\/destacador-para-alarmes-de-oculos\/"},"modified":"2026-04-30T15:02:35","modified_gmt":"2026-04-30T13:02:35","slug":"desprendedor-para-alarmas-de-gafas","status":"publish","type":"product","link":"https:\/\/sysdil.es\/pt-pt\/producto\/desprendedor-para-alarmas-de-gafas\/","title":{"rendered":"Desprendedor para alarmas de gafas"},"content":{"rendered":"<p><strong>Desacoplador Magn\u00e9tico Etiquetas protectoras para gafas<\/strong><br \/>\nEl Desprendedor SY-DC010, proporciona seguridad<br \/>\nDise\u00f1ado para aplicaciones de separaci\u00f3n de alarmas para gafas.<br \/>\nEl complemento ideal para la soluci\u00f3n Antihurto SY-TG02-AM alarmas para gafas<\/p>\n<p><strong>Beneficios para el minorista:<\/strong><br \/>\nDise\u00f1ado para incluso los puntos m\u00e1s peque\u00f1os, para permitir el m\u00e1ximo uso del espacio en el mostrador.<br \/>\nDesprende facilmente y rapidamente para aumentar el servicio al cliente y reducir el tiempo de espera.<br \/>\nse puede colocar de sobremesa o emporrado en el mostrador.<\/p>\n","protected":false},"excerpt":{"rendered":"<ul>\n<li>Desacoplador de etiquetas para gafas modelo<br \/>\n<span style=\"color: #00768f;\"><strong><span style=\"color: #00768f;\"><a style=\"color: #00768f;\" href=\"https:\/\/sysdil.es\/producto\/etiquetas-de-proteccion-par-gafas\/\">SY-DRTG01-RF<\/a><\/span> y<span style=\"color: #00768f;\"> <a style=\"color: #00768f;\" href=\"https:\/\/sysdil.es\/pt-pt\/producto\/etiquetas-de-proteccion-par-gafas-acustomagnetica-am\/\">SY-DATG02-AM<\/a><\/span><\/strong><\/span><\/li>\n<li>Para desacoplar la protecci\u00f3n aplicada a las varillas de las gafas, \u00f3pticas, gafas de sol, etc.<\/li>\n<li>Formato destornillador con punta especial triangular.<\/li>\n<li>Longitud total: 95 mm.<\/li>\n<\/ul>\n<p>&nbsp;<\/p>\n","protected":false},"featured_media":98265,"comment_status":"open","ping_status":"closed","template":"","meta":[],"product_brand":[],"product_cat":[234,235],"product_tag":[194,195,260],"class_list":{"0":"post-98428","1":"product","2":"type-product","3":"status-publish","4":"has-post-thumbnail","6":"product_cat-acessorios","7":"product_cat-destacadores","8":"product_tag-antifurto","9":"product_tag-barreiras-antifurto","10":"product_tag-desacoplador","12":"first","13":"instock","14":"taxable","15":"shipping-taxable","16":"purchasable","17":"product-type-simple"},"_links":{"self":[{"href":"https:\/\/sysdil.es\/pt-pt\/wp-json\/wp\/v2\/product\/98428","targetHints":{"allow":["GET"]}}],"collection":[{"href":"https:\/\/sysdil.es\/pt-pt\/wp-json\/wp\/v2\/product"}],"about":[{"href":"https:\/\/sysdil.es\/pt-pt\/wp-json\/wp\/v2\/types\/product"}],"replies":[{"embeddable":true,"href":"https:\/\/sysdil.es\/pt-pt\/wp-json\/wp\/v2\/comments?post=98428"}],"wp:featuredmedia":[{"embeddable":true,"href":"https:\/\/sysdil.es\/pt-pt\/wp-json\/wp\/v2\/media\/98265"}],"wp:attachment":[{"href":"https:\/\/sysdil.es\/pt-pt\/wp-json\/wp\/v2\/media?parent=98428"}],"wp:term":[{"taxonomy":"product_brand","embeddable":true,"href":"https:\/\/sysdil.es\/pt-pt\/wp-json\/wp\/v2\/product_brand?post=98428"},{"taxonomy":"product_cat","embeddable":true,"href":"https:\/\/sysdil.es\/pt-pt\/wp-json\/wp\/v2\/product_cat?post=98428"},{"taxonomy":"product_tag","embeddable":true,"href":"https:\/\/sysdil.es\/pt-pt\/wp-json\/wp\/v2\/product_tag?post=98428"}],"curies":[{"name":"wp","href":"https:\/\/api.w.org\/{rel}","templated":true}]}}