{"id":98429,"date":"2025-07-18T07:36:15","date_gmt":"2025-07-18T05:36:15","guid":{"rendered":"https:\/\/sysdil.es\/producto\/detetor-magnetico-antirroubo-para-alarmes-golf\/"},"modified":"2026-05-01T15:04:12","modified_gmt":"2026-05-01T13:04:12","slug":"desprendedor-magnetico-antihurto-para-alarmas-golf","status":"publish","type":"product","link":"https:\/\/sysdil.es\/pt-pt\/producto\/desprendedor-magnetico-antihurto-para-alarmas-golf\/","title":{"rendered":"Desprendedor Magn\u00e9tico antihurto para alarmas Golf"},"content":{"rendered":"<p><strong>Desacoplador Magn\u00e9tico Etiquetas &#8220;Golf&#8221;<\/strong><br \/>\nEl Desprendedor <strong>SY-DTK504H<\/strong>, proporciona una potente fuerza de desacoplado 12 000 Gauss.<\/p>\n<p>El complemento ideal para la soluci\u00f3n Antihurto <strong>SY-DTK504H<\/strong> alarmas tipo &#8220;Golf&#8221;<\/p>\n<p><img decoding=\"async\" class=\"lazyload alignnone  wp-image-98278\" src=\"https:\/\/sysdil.es\/wp-content\/uploads\/2025\/07\/Etiqueta-Golf.png\" data-orig-src=\"https:\/\/sysdil.es\/wp-content\/uploads\/2025\/07\/Etiqueta-Golf.png\" alt=\"\" width=\"145\" height=\"145\" title=\"\" srcset=\"data:image\/svg+xml,%3Csvg%20xmlns%3D%27http%3A%2F%2Fwww.w3.org%2F2000%2Fsvg%27%20width%3D%27145%27%20height%3D%27145%27%20viewBox%3D%270%200%20145%20145%27%3E%3Crect%20width%3D%27145%27%20height%3D%27145%27%20fill-opacity%3D%220%22%2F%3E%3C%2Fsvg%3E\" data-srcset=\"https:\/\/sysdil.es\/wp-content\/uploads\/2025\/07\/Etiqueta-Golf-66x66.png 66w, https:\/\/sysdil.es\/wp-content\/uploads\/2025\/07\/Etiqueta-Golf-100x100.png 100w, https:\/\/sysdil.es\/wp-content\/uploads\/2025\/07\/Etiqueta-Golf-150x150.png 150w, https:\/\/sysdil.es\/wp-content\/uploads\/2025\/07\/Etiqueta-Golf-200x200.png 200w, https:\/\/sysdil.es\/wp-content\/uploads\/2025\/07\/Etiqueta-Golf.png 220w\" data-sizes=\"auto\" data-orig-sizes=\"(max-width: 145px) 100vw, 145px\" \/><\/p>\n<p><strong>Beneficios para el minorista:<\/strong><br \/>\nDise\u00f1ado para incluso los puntos m\u00e1s peque\u00f1os, para permitir el m\u00e1ximo uso del espacio en el mostrador.<br \/>\nDesprende facilmente y rapidamente para aumentar el servicio al cliente y reducir el tiempo de espera.<br \/>\nse puede colocar de sobremesa o emporrado en el mostrador.<\/p>\n","protected":false},"excerpt":{"rendered":"<p><strong>Desacoplador Magn\u00e9tico Etiquetas Tipo &#8220;Golf&#8221;<\/strong><\/p>\n<p>El Desprendedor <strong>SY-DTK504H<\/strong> proporciona una potente fuerza de desacoplado 12 000 Gauss.<\/p>\n<p>Desprendedor magn\u00e9tico <strong>GOLF<\/strong> con cierre SUPER. 12000GS Fabricado en aluminio.<br \/>\nMedidas de: 72 de di\u00e1metro x 39mm.<\/p>\n<p>Dise\u00f1ado para aplicaciones de separaci\u00f3n de alarmas<strong> &#8220;Golf&#8221;<\/strong><br \/>\nEl complemento ideal para la soluci\u00f3n Antihurto <strong>SY-DTK504H <\/strong>alarmas tipo &#8220;golf&#8221;<\/p>\n<p><img decoding=\"async\" class=\"alignnone size-full wp-image-98278\" src=\"https:\/\/sysdil.es\/wp-content\/uploads\/2025\/07\/Etiqueta-Golf.png\" alt=\"\" width=\"220\" height=\"220\" srcset=\"https:\/\/sysdil.es\/wp-content\/uploads\/2025\/07\/Etiqueta-Golf-66x66.png 66w, https:\/\/sysdil.es\/wp-content\/uploads\/2025\/07\/Etiqueta-Golf-100x100.png 100w, https:\/\/sysdil.es\/wp-content\/uploads\/2025\/07\/Etiqueta-Golf-150x150.png 150w, https:\/\/sysdil.es\/wp-content\/uploads\/2025\/07\/Etiqueta-Golf-200x200.png 200w, https:\/\/sysdil.es\/wp-content\/uploads\/2025\/07\/Etiqueta-Golf.png 220w\" sizes=\"(max-width: 220px) 100vw, 220px\" \/><\/p>\n","protected":false},"featured_media":98281,"comment_status":"open","ping_status":"closed","template":"","meta":[],"product_brand":[],"product_cat":[234,235],"product_tag":[194,195,260],"class_list":{"0":"post-98429","1":"product","2":"type-product","3":"status-publish","4":"has-post-thumbnail","6":"product_cat-acessorios","7":"product_cat-destacadores","8":"product_tag-antifurto","9":"product_tag-barreiras-antifurto","10":"product_tag-desacoplador","12":"first","13":"instock","14":"taxable","15":"shipping-taxable","16":"purchasable","17":"product-type-simple"},"_links":{"self":[{"href":"https:\/\/sysdil.es\/pt-pt\/wp-json\/wp\/v2\/product\/98429","targetHints":{"allow":["GET"]}}],"collection":[{"href":"https:\/\/sysdil.es\/pt-pt\/wp-json\/wp\/v2\/product"}],"about":[{"href":"https:\/\/sysdil.es\/pt-pt\/wp-json\/wp\/v2\/types\/product"}],"replies":[{"embeddable":true,"href":"https:\/\/sysdil.es\/pt-pt\/wp-json\/wp\/v2\/comments?post=98429"}],"wp:featuredmedia":[{"embeddable":true,"href":"https:\/\/sysdil.es\/pt-pt\/wp-json\/wp\/v2\/media\/98281"}],"wp:attachment":[{"href":"https:\/\/sysdil.es\/pt-pt\/wp-json\/wp\/v2\/media?parent=98429"}],"wp:term":[{"taxonomy":"product_brand","embeddable":true,"href":"https:\/\/sysdil.es\/pt-pt\/wp-json\/wp\/v2\/product_brand?post=98429"},{"taxonomy":"product_cat","embeddable":true,"href":"https:\/\/sysdil.es\/pt-pt\/wp-json\/wp\/v2\/product_cat?post=98429"},{"taxonomy":"product_tag","embeddable":true,"href":"https:\/\/sysdil.es\/pt-pt\/wp-json\/wp\/v2\/product_tag?post=98429"}],"curies":[{"name":"wp","href":"https:\/\/api.w.org\/{rel}","templated":true}]}}