{"id":98430,"date":"2026-02-23T16:17:34","date_gmt":"2026-02-23T15:17:34","guid":{"rendered":"https:\/\/sysdil.es\/producto\/desactivador-de-autocolantes-am\/"},"modified":"2026-04-30T15:01:59","modified_gmt":"2026-04-30T13:01:59","slug":"desactivador-etiquetas-adhesivas-am","status":"publish","type":"product","link":"https:\/\/sysdil.es\/pt-pt\/producto\/desactivador-etiquetas-adhesivas-am\/","title":{"rendered":"Desactivador Etiquetas Adhesivas AM"},"content":{"rendered":"<p><strong>Desactivador etiquetas AM Digital 58 KHz<\/strong><br \/>\nEl Deactivator Value, proporciona una desactivaci\u00f3n conveniente y simple, incluso en los puntos de pago m\u00e1s peque\u00f1os.<br \/>\nDise\u00f1ado para aplicaciones frontales de uso medio, esta unidad desactiva las etiquetas AM EAS una distancia de 15 cm. La Luz LED de desactivador proporciona una notificaci\u00f3n visual de la desactivaci\u00f3n de la alarma.<\/p>\n<p><strong>Beneficios para el minorista:<\/strong><br \/>\nDise\u00f1ado para incluso los puntos m\u00e1s peque\u00f1os pago para permitir el uso espacio m\u00e1ximo en el mostrador.<br \/>\nDesactivaci\u00f3n fiable para aumentar el servicio al cliente y reducir la falsas alarmas.<br \/>\nIndicadores sonoros y visuales integrado proporcionar un aviso inmediato cuando las etiquetas activas son detectado y desactivadas, lo que mejora productividad inicial.<\/p>\n","protected":false},"excerpt":{"rendered":"<p>Desactivador electr\u00f3nico a distancia AM de 58KHz.<br \/>\nIncluye Fuente de Alimentaci\u00f3n.<br \/>\nMedidas: 32,5 \u00d72 8,5 x 13 mm.<br \/>\nFabricado en pl\u00e1stico ABS<\/p>\n","protected":false},"featured_media":97864,"comment_status":"open","ping_status":"closed","template":"","meta":[],"product_brand":[],"product_cat":[234,236],"product_tag":[194,202,261],"class_list":{"0":"post-98430","1":"product","2":"type-product","3":"status-publish","4":"has-post-thumbnail","6":"product_cat-acessorios","7":"product_cat-desativadores","8":"product_tag-antifurto","9":"product_tag-desativacao","10":"product_tag-lojas","12":"first","13":"instock","14":"taxable","15":"shipping-taxable","16":"purchasable","17":"product-type-simple"},"_links":{"self":[{"href":"https:\/\/sysdil.es\/pt-pt\/wp-json\/wp\/v2\/product\/98430","targetHints":{"allow":["GET"]}}],"collection":[{"href":"https:\/\/sysdil.es\/pt-pt\/wp-json\/wp\/v2\/product"}],"about":[{"href":"https:\/\/sysdil.es\/pt-pt\/wp-json\/wp\/v2\/types\/product"}],"replies":[{"embeddable":true,"href":"https:\/\/sysdil.es\/pt-pt\/wp-json\/wp\/v2\/comments?post=98430"}],"wp:featuredmedia":[{"embeddable":true,"href":"https:\/\/sysdil.es\/pt-pt\/wp-json\/wp\/v2\/media\/97864"}],"wp:attachment":[{"href":"https:\/\/sysdil.es\/pt-pt\/wp-json\/wp\/v2\/media?parent=98430"}],"wp:term":[{"taxonomy":"product_brand","embeddable":true,"href":"https:\/\/sysdil.es\/pt-pt\/wp-json\/wp\/v2\/product_brand?post=98430"},{"taxonomy":"product_cat","embeddable":true,"href":"https:\/\/sysdil.es\/pt-pt\/wp-json\/wp\/v2\/product_cat?post=98430"},{"taxonomy":"product_tag","embeddable":true,"href":"https:\/\/sysdil.es\/pt-pt\/wp-json\/wp\/v2\/product_tag?post=98430"}],"curies":[{"name":"wp","href":"https:\/\/api.w.org\/{rel}","templated":true}]}}