{"id":98432,"date":"2024-12-26T17:52:30","date_gmt":"2024-12-26T16:52:30","guid":{"rendered":"https:\/\/sysdil.es\/producto\/desactivador-e-detetor-portatil-de-etiquetas-de-seguranca\/"},"modified":"2026-05-01T15:05:00","modified_gmt":"2026-05-01T13:05:00","slug":"desactivador-y-detector-portatil-de-etiquetas-de-seguridad","status":"publish","type":"product","link":"https:\/\/sysdil.es\/pt-pt\/producto\/desactivador-y-detector-portatil-de-etiquetas-de-seguridad\/","title":{"rendered":"Desactivador y Detector Port\u00e1til de Etiquetas de seguridad"},"content":{"rendered":"<p title=\"Detector EAS 2 en 1, desactivador, 8,2 MHz\/58kHz, detecci\u00f3n de etiquetas duras AM, desactivaci\u00f3n de etiquetas blandas RF, port\u00e1til para supermercado minorista\" data-spm-anchor-id=\"a2700.details.0.i63.1dc44d84ISSB5K\"><strong>Detector EAS 2 en 1, desactivador, 8,2 MHz<\/strong><\/p>\n<p title=\"Detector EAS 2 en 1, desactivador, 8,2 MHz\/58kHz, detecci\u00f3n de etiquetas duras AM, desactivaci\u00f3n de etiquetas blandas RF, port\u00e1til para supermercado minorista\" data-spm-anchor-id=\"a2700.details.0.i63.1dc44d84ISSB5K\">Detecci\u00f3n de etiquetas duras Radiofrecuencia (RF),<\/p>\n<p title=\"Detector EAS 2 en 1, desactivador, 8,2 MHz\/58kHz, detecci\u00f3n de etiquetas duras AM, desactivaci\u00f3n de etiquetas blandas RF, port\u00e1til para supermercado minorista\" data-spm-anchor-id=\"a2700.details.0.i63.1dc44d84ISSB5K\">Desactivaci\u00f3n de etiquetas blandas Radiofrecuencia (RF), port\u00e1til para supermercado minorista<\/p>\n","protected":false},"excerpt":{"rendered":"<p title=\"Detector EAS 2 en 1, desactivador, 8,2 MHz\/58kHz, detecci\u00f3n de etiquetas duras AM, desactivaci\u00f3n de etiquetas blandas RF, port\u00e1til para supermercado minorista\" data-spm-anchor-id=\"a2700.details.0.i63.1dc44d84ISSB5K\"><strong>Antihurto Detector EAS 2 en 1, desactivador y detector.\u00a0<\/strong><\/p>\n<p title=\"Detector EAS 2 en 1, desactivador, 8,2 MHz\/58kHz, detecci\u00f3n de etiquetas duras AM, desactivaci\u00f3n de etiquetas blandas RF, port\u00e1til para supermercado minorista\" data-spm-anchor-id=\"a2700.details.0.i63.1dc44d84ISSB5K\">Detecci\u00f3n de etiquetas duras Radiofrecuencia RF<\/p>\n<p title=\"Detector EAS 2 en 1, desactivador, 8,2 MHz\/58kHz, detecci\u00f3n de etiquetas duras AM, desactivaci\u00f3n de etiquetas blandas RF, port\u00e1til para supermercado minorista\" data-spm-anchor-id=\"a2700.details.0.i63.1dc44d84ISSB5K\">Desactivaci\u00f3n de etiquetas blandas Radiofrecuencia (RF), port\u00e1til para supermercado minorista.<\/p>\n<p title=\"Detector EAS 2 en 1, desactivador, 8,2 MHz\/58kHz, detecci\u00f3n de etiquetas duras AM, desactivaci\u00f3n de etiquetas blandas RF, port\u00e1til para supermercado minorista\" data-spm-anchor-id=\"a2700.details.0.i63.1dc44d84ISSB5K\">\n","protected":false},"featured_media":98055,"comment_status":"open","ping_status":"closed","template":"","meta":[],"product_brand":[],"product_cat":[234,236],"product_tag":[194,195,260],"class_list":{"0":"post-98432","1":"product","2":"type-product","3":"status-publish","4":"has-post-thumbnail","6":"product_cat-acessorios","7":"product_cat-desativadores","8":"product_tag-antifurto","9":"product_tag-barreiras-antifurto","10":"product_tag-desacoplador","12":"first","13":"onbackorder","14":"taxable","15":"shipping-taxable","16":"purchasable","17":"product-type-simple"},"_links":{"self":[{"href":"https:\/\/sysdil.es\/pt-pt\/wp-json\/wp\/v2\/product\/98432","targetHints":{"allow":["GET"]}}],"collection":[{"href":"https:\/\/sysdil.es\/pt-pt\/wp-json\/wp\/v2\/product"}],"about":[{"href":"https:\/\/sysdil.es\/pt-pt\/wp-json\/wp\/v2\/types\/product"}],"replies":[{"embeddable":true,"href":"https:\/\/sysdil.es\/pt-pt\/wp-json\/wp\/v2\/comments?post=98432"}],"wp:featuredmedia":[{"embeddable":true,"href":"https:\/\/sysdil.es\/pt-pt\/wp-json\/wp\/v2\/media\/98055"}],"wp:attachment":[{"href":"https:\/\/sysdil.es\/pt-pt\/wp-json\/wp\/v2\/media?parent=98432"}],"wp:term":[{"taxonomy":"product_brand","embeddable":true,"href":"https:\/\/sysdil.es\/pt-pt\/wp-json\/wp\/v2\/product_brand?post=98432"},{"taxonomy":"product_cat","embeddable":true,"href":"https:\/\/sysdil.es\/pt-pt\/wp-json\/wp\/v2\/product_cat?post=98432"},{"taxonomy":"product_tag","embeddable":true,"href":"https:\/\/sysdil.es\/pt-pt\/wp-json\/wp\/v2\/product_tag?post=98432"}],"curies":[{"name":"wp","href":"https:\/\/api.w.org\/{rel}","templated":true}]}}