{"id":98433,"date":"2025-01-20T17:34:21","date_gmt":"2025-01-20T16:34:21","guid":{"rendered":"https:\/\/sysdil.es\/producto\/desactivador-am-e-detetor-de-etiquetas-de-seguranca-portatil\/"},"modified":"2026-04-30T10:04:30","modified_gmt":"2026-04-30T08:04:30","slug":"desactivador-y-detector-portatil-de-etiquetas-de-seguridad-am","status":"publish","type":"product","link":"https:\/\/sysdil.es\/pt-pt\/producto\/desactivador-y-detector-portatil-de-etiquetas-de-seguridad-am\/","title":{"rendered":"Desactivador y Detector Port\u00e1til de Etiquetas de seguridad AM"},"content":{"rendered":"<p title=\"Detector EAS 2 en 1, desactivador, 8,2 MHz\/58kHz, detecci\u00f3n de etiquetas duras AM, desactivaci\u00f3n de etiquetas blandas RF, port\u00e1til para supermercado minorista\" data-spm-anchor-id=\"a2700.details.0.i63.1dc44d84ISSB5K\"><strong>Detector EAS 2 en 1, desactivador, 58 KHZ MHz<\/strong><\/p>\n<p title=\"Detector EAS 2 en 1, desactivador, 8,2 MHz\/58kHz, detecci\u00f3n de etiquetas duras AM, desactivaci\u00f3n de etiquetas blandas RF, port\u00e1til para supermercado minorista\" data-spm-anchor-id=\"a2700.details.0.i63.1dc44d84ISSB5K\">Detecci\u00f3n de etiquetas duras <span style=\"color: #00768f;\"><strong>Acustomagn\u00e9tica (AM)<\/strong><\/span>,<\/p>\n<p title=\"Detector EAS 2 en 1, desactivador, 8,2 MHz\/58kHz, detecci\u00f3n de etiquetas duras AM, desactivaci\u00f3n de etiquetas blandas RF, port\u00e1til para supermercado minorista\" data-spm-anchor-id=\"a2700.details.0.i63.1dc44d84ISSB5K\">Desactivaci\u00f3n de etiquetas blandas<span style=\"color: #00768f;\"><strong> (Acustomagn\u00e9tica) (AM)<\/strong><\/span>, port\u00e1til para supermercado minorista<br \/>\n<img decoding=\"async\" class=\"lazyload alignnone wp-image-97869\" src=\"https:\/\/sysdil.es\/wp-content\/uploads\/2024\/08\/SYADRCB-removebg-preview.png\" data-orig-src=\"https:\/\/sysdil.es\/wp-content\/uploads\/2024\/08\/SYADRCB-removebg-preview.png\" alt=\"\" width=\"139\" height=\"139\" title=\"\" srcset=\"data:image\/svg+xml,%3Csvg%20xmlns%3D%27http%3A%2F%2Fwww.w3.org%2F2000%2Fsvg%27%20width%3D%27139%27%20height%3D%27139%27%20viewBox%3D%270%200%20139%20139%27%3E%3Crect%20width%3D%27139%27%20height%3D%27139%27%20fill-opacity%3D%220%22%2F%3E%3C%2Fsvg%3E\" data-srcset=\"https:\/\/sysdil.es\/wp-content\/uploads\/2024\/08\/SYADRCB-removebg-preview-66x66.png 66w, https:\/\/sysdil.es\/wp-content\/uploads\/2024\/08\/SYADRCB-removebg-preview-100x100.png 100w, https:\/\/sysdil.es\/wp-content\/uploads\/2024\/08\/SYADRCB-removebg-preview-150x150.png 150w, https:\/\/sysdil.es\/wp-content\/uploads\/2024\/08\/SYADRCB-removebg-preview-200x200.png 200w, https:\/\/sysdil.es\/wp-content\/uploads\/2024\/08\/SYADRCB-removebg-preview-300x300.png 300w, https:\/\/sysdil.es\/wp-content\/uploads\/2024\/08\/SYADRCB-removebg-preview-400x400.png 400w, https:\/\/sysdil.es\/wp-content\/uploads\/2024\/08\/SYADRCB-removebg-preview.png 500w\" data-sizes=\"auto\" data-orig-sizes=\"(max-width: 139px) 100vw, 139px\" \/><\/p>\n","protected":false},"excerpt":{"rendered":"<p title=\"Detector EAS 2 en 1, desactivador, 8,2 MHz\/58kHz, detecci\u00f3n de etiquetas duras AM, desactivaci\u00f3n de etiquetas blandas RF, port\u00e1til para supermercado minorista\" data-spm-anchor-id=\"a2700.details.0.i63.1dc44d84ISSB5K\"><strong>Detector EAS 2 en 1, desactivador, 58 KHZ MHz<\/strong><\/p>\n<p title=\"Detector EAS 2 en 1, desactivador, 8,2 MHz\/58kHz, detecci\u00f3n de etiquetas duras AM, desactivaci\u00f3n de etiquetas blandas RF, port\u00e1til para supermercado minorista\" data-spm-anchor-id=\"a2700.details.0.i63.1dc44d84ISSB5K\">Detecci\u00f3n de etiquetas duras <span style=\"color: #00768f;\"><strong>Acustomagn\u00e9tica (AM)<\/strong><\/span>,<\/p>\n<p title=\"Detector EAS 2 en 1, desactivador, 8,2 MHz\/58kHz, detecci\u00f3n de etiquetas duras AM, desactivaci\u00f3n de etiquetas blandas RF, port\u00e1til para supermercado minorista\" data-spm-anchor-id=\"a2700.details.0.i63.1dc44d84ISSB5K\">Desactivaci\u00f3n de etiquetas blandas<span style=\"color: #00768f;\"><strong> (Acustomagn\u00e9tica) (AM)<\/strong><\/span>, port\u00e1til para supermercado minorista<\/p>\n<p title=\"Detector EAS 2 en 1, desactivador, 8,2 MHz\/58kHz, detecci\u00f3n de etiquetas duras AM, desactivaci\u00f3n de etiquetas blandas RF, port\u00e1til para supermercado minorista\" data-spm-anchor-id=\"a2700.details.0.i63.1dc44d84ISSB5K\">\n","protected":false},"featured_media":98111,"comment_status":"open","ping_status":"closed","template":"","meta":[],"product_brand":[],"product_cat":[234,236],"product_tag":[194,195,260],"class_list":{"0":"post-98433","1":"product","2":"type-product","3":"status-publish","4":"has-post-thumbnail","6":"product_cat-acessorios","7":"product_cat-desativadores","8":"product_tag-antifurto","9":"product_tag-barreiras-antifurto","10":"product_tag-desacoplador","12":"first","13":"instock","14":"taxable","15":"shipping-taxable","16":"purchasable","17":"product-type-simple"},"_links":{"self":[{"href":"https:\/\/sysdil.es\/pt-pt\/wp-json\/wp\/v2\/product\/98433","targetHints":{"allow":["GET"]}}],"collection":[{"href":"https:\/\/sysdil.es\/pt-pt\/wp-json\/wp\/v2\/product"}],"about":[{"href":"https:\/\/sysdil.es\/pt-pt\/wp-json\/wp\/v2\/types\/product"}],"replies":[{"embeddable":true,"href":"https:\/\/sysdil.es\/pt-pt\/wp-json\/wp\/v2\/comments?post=98433"}],"wp:featuredmedia":[{"embeddable":true,"href":"https:\/\/sysdil.es\/pt-pt\/wp-json\/wp\/v2\/media\/98111"}],"wp:attachment":[{"href":"https:\/\/sysdil.es\/pt-pt\/wp-json\/wp\/v2\/media?parent=98433"}],"wp:term":[{"taxonomy":"product_brand","embeddable":true,"href":"https:\/\/sysdil.es\/pt-pt\/wp-json\/wp\/v2\/product_brand?post=98433"},{"taxonomy":"product_cat","embeddable":true,"href":"https:\/\/sysdil.es\/pt-pt\/wp-json\/wp\/v2\/product_cat?post=98433"},{"taxonomy":"product_tag","embeddable":true,"href":"https:\/\/sysdil.es\/pt-pt\/wp-json\/wp\/v2\/product_tag?post=98433"}],"curies":[{"name":"wp","href":"https:\/\/api.w.org\/{rel}","templated":true}]}}