{"id":98434,"date":"2024-12-11T16:33:15","date_gmt":"2024-12-11T15:33:15","guid":{"rendered":"https:\/\/sysdil.es\/producto\/detetor-magnetico-antirroubo-para-alarmes-de-oculos\/"},"modified":"2026-04-30T10:03:53","modified_gmt":"2026-04-30T08:03:53","slug":"desprendedor-magnetico-alarmas-gafas","status":"publish","type":"product","link":"https:\/\/sysdil.es\/pt-pt\/producto\/desprendedor-magnetico-alarmas-gafas\/","title":{"rendered":"Desprendedor Magn\u00e9tico antihurto para alarmas de gafas"},"content":{"rendered":"<p><strong>Desacoplador Magn\u00e9tico Etiquetas protectoras para gafas<\/strong><br \/>\nEl Desprendedor SY-DTK511, proporciona una potente fuerza de desacoplado 12 000 Gauss.<br \/>\nDise\u00f1ado para aplicaciones de separaci\u00f3n de alarmas para gafas.<br \/>\nEl complemento ideal para la soluci\u00f3n Antihurto SY-TG02-AM alarmas para gafas<\/p>\n<p><strong>Beneficios para el minorista:<\/strong><br \/>\nDise\u00f1ado para incluso los puntos m\u00e1s peque\u00f1os, para permitir el m\u00e1ximo uso del espacio en el mostrador.<br \/>\nDesprende facilmente y rapidamente para aumentar el servicio al cliente y reducir el tiempo de espera.<br \/>\nse puede colocar de sobremesa o emporrado en el mostrador.<\/p>\n","protected":false},"excerpt":{"rendered":"<p><strong>Desacoplador Magn\u00e9tico Etiquetas protectoras para gafas<\/strong><br \/>\nEl Desprendedor SY-DTK511, proporciona una potente fuerza de desacoplado 12 000 Gauss.<br \/>\nDise\u00f1ado para aplicaciones de separaci\u00f3n de alarmas para gafas.<br \/>\nEl complemento ideal para la soluci\u00f3n Antihurto SY-TG02-AM alarmas para gafas<\/p>\n","protected":false},"featured_media":97808,"comment_status":"open","ping_status":"closed","template":"","meta":[],"product_brand":[],"product_cat":[234,235],"product_tag":[194,195,260],"class_list":{"0":"post-98434","1":"product","2":"type-product","3":"status-publish","4":"has-post-thumbnail","6":"product_cat-acessorios","7":"product_cat-destacadores","8":"product_tag-antifurto","9":"product_tag-barreiras-antifurto","10":"product_tag-desacoplador","12":"first","13":"instock","14":"taxable","15":"shipping-taxable","16":"purchasable","17":"product-type-simple"},"_links":{"self":[{"href":"https:\/\/sysdil.es\/pt-pt\/wp-json\/wp\/v2\/product\/98434","targetHints":{"allow":["GET"]}}],"collection":[{"href":"https:\/\/sysdil.es\/pt-pt\/wp-json\/wp\/v2\/product"}],"about":[{"href":"https:\/\/sysdil.es\/pt-pt\/wp-json\/wp\/v2\/types\/product"}],"replies":[{"embeddable":true,"href":"https:\/\/sysdil.es\/pt-pt\/wp-json\/wp\/v2\/comments?post=98434"}],"wp:featuredmedia":[{"embeddable":true,"href":"https:\/\/sysdil.es\/pt-pt\/wp-json\/wp\/v2\/media\/97808"}],"wp:attachment":[{"href":"https:\/\/sysdil.es\/pt-pt\/wp-json\/wp\/v2\/media?parent=98434"}],"wp:term":[{"taxonomy":"product_brand","embeddable":true,"href":"https:\/\/sysdil.es\/pt-pt\/wp-json\/wp\/v2\/product_brand?post=98434"},{"taxonomy":"product_cat","embeddable":true,"href":"https:\/\/sysdil.es\/pt-pt\/wp-json\/wp\/v2\/product_cat?post=98434"},{"taxonomy":"product_tag","embeddable":true,"href":"https:\/\/sysdil.es\/pt-pt\/wp-json\/wp\/v2\/product_tag?post=98434"}],"curies":[{"name":"wp","href":"https:\/\/api.w.org\/{rel}","templated":true}]}}