{"id":98435,"date":"2024-12-11T11:06:25","date_gmt":"2024-12-11T10:06:25","guid":{"rendered":"https:\/\/sysdil.es\/producto\/desacoplador-magnetico-antirroubo\/"},"modified":"2026-05-01T15:04:15","modified_gmt":"2026-05-01T13:04:15","slug":"desacoplador-magnetico","status":"publish","type":"product","link":"https:\/\/sysdil.es\/pt-pt\/producto\/desacoplador-magnetico\/","title":{"rendered":"Desacoplador Magn\u00e9tico  Antihurto"},"content":{"rendered":"<p><strong>Desacoplador Magn\u00e9tico Etiquetas R\u00edgidas<\/strong><br \/>\nEl Desprendedor SY-DTK509, proporciona una potente fuerza de desacoplado 12 000 Gauss.<br \/>\nDise\u00f1ado para aplicaciones de separaci\u00f3n de alarmas r\u00edgidas.<br \/>\nEl complemento ideal para una soluci\u00f3n Antihurto<\/p>\n<p><strong>Beneficios para el minorista:<\/strong><br \/>\nDise\u00f1ado para incluso los puntos m\u00e1s peque\u00f1os, para permitir el m\u00e1ximo uso del espacio en el mostrador.<br \/>\nDesprende facilmente y rapidamente para aumentar el servicio al cliente y reducir el tiempo de espera.<br \/>\nse puede colocar de sobremesa o emporrado en el mostrador.<\/p>\n","protected":false},"excerpt":{"rendered":"<p>Desacoplador magn\u00e9tico de Etiquetas R\u00edgidas.<br \/>\n12000 Gauss (12 Kgauss)<br \/>\nAntihurto<br \/>\nMedidas: di\u00e1metro 63 mm<br \/>\nFabricado en pl\u00e1stico ABS<\/p>\n","protected":false},"featured_media":97766,"comment_status":"open","ping_status":"closed","template":"","meta":[],"product_brand":[],"product_cat":[234,235],"product_tag":[194,195,260],"class_list":{"0":"post-98435","1":"product","2":"type-product","3":"status-publish","4":"has-post-thumbnail","6":"product_cat-acessorios","7":"product_cat-destacadores","8":"product_tag-antifurto","9":"product_tag-barreiras-antifurto","10":"product_tag-desacoplador","12":"first","13":"instock","14":"taxable","15":"shipping-taxable","16":"purchasable","17":"product-type-simple"},"_links":{"self":[{"href":"https:\/\/sysdil.es\/pt-pt\/wp-json\/wp\/v2\/product\/98435","targetHints":{"allow":["GET"]}}],"collection":[{"href":"https:\/\/sysdil.es\/pt-pt\/wp-json\/wp\/v2\/product"}],"about":[{"href":"https:\/\/sysdil.es\/pt-pt\/wp-json\/wp\/v2\/types\/product"}],"replies":[{"embeddable":true,"href":"https:\/\/sysdil.es\/pt-pt\/wp-json\/wp\/v2\/comments?post=98435"}],"wp:featuredmedia":[{"embeddable":true,"href":"https:\/\/sysdil.es\/pt-pt\/wp-json\/wp\/v2\/media\/97766"}],"wp:attachment":[{"href":"https:\/\/sysdil.es\/pt-pt\/wp-json\/wp\/v2\/media?parent=98435"}],"wp:term":[{"taxonomy":"product_brand","embeddable":true,"href":"https:\/\/sysdil.es\/pt-pt\/wp-json\/wp\/v2\/product_brand?post=98435"},{"taxonomy":"product_cat","embeddable":true,"href":"https:\/\/sysdil.es\/pt-pt\/wp-json\/wp\/v2\/product_cat?post=98435"},{"taxonomy":"product_tag","embeddable":true,"href":"https:\/\/sysdil.es\/pt-pt\/wp-json\/wp\/v2\/product_tag?post=98435"}],"curies":[{"name":"wp","href":"https:\/\/api.w.org\/{rel}","templated":true}]}}