{"id":98438,"date":"2025-07-30T17:12:44","date_gmt":"2025-07-30T15:12:44","guid":{"rendered":"https:\/\/sysdil.es\/producto\/destacador-de-alta-seguranca-desystag\/"},"modified":"2026-05-02T10:02:43","modified_gmt":"2026-05-02T08:02:43","slug":"desprendedor-desystag-alta-seguridad","status":"publish","type":"product","link":"https:\/\/sysdil.es\/pt-pt\/producto\/desprendedor-desystag-alta-seguridad\/","title":{"rendered":"Desprendedor DESYSTAG Alta Seguridad"},"content":{"rendered":"<p><span style=\"color: #00768f;\"><strong>DESYSTAG<\/strong><\/span>: La soluci\u00f3n de etiquetado antirrobo invulnerable<\/p>\n<p>Los minoristas se enfrentan a una creciente crisis de seguridad a medida que los ladrones aprovechan las debilidades de las etiquetas antirrobo tradicionales. Las etiquetas unipolares est\u00e1ndar, f\u00e1cilmente manipulables con imanes, ganchos y separadores del mercado negro, exponen a las tiendas a p\u00e9rdidas asombrosas.<\/p>\n<p><strong>Puntos clave:<\/strong><br \/>\n<strong><span style=\"color: #00768f;\">DESYSTAG es el Desprendedor magn\u00e9tico m\u00e1s seguro del mundo<\/span><\/strong><\/p>\n<p><strong>\u00bfImanes comunes? In\u00fatiles.<br \/>\n<\/strong>El avanzado DISE\u00d1O \u00a0de su desprendedor hace que solo, ese desprendedor, pueda abrir y desbloquear las etiquetas <span style=\"color: #00768f;\">Systag.<\/span><br \/>\nY as\u00ed \u00a0hacer que los imanes del mercado sean in\u00fatiles e ineficaces para vulnerar las etiquetas <span style=\"color: #00768f;\">Systag.<br \/>\n<strong>Con un dise\u00f1o Patentado<\/strong><\/span><\/p>\n<p><span style=\"color: #00768f;\">\u00a0<\/span><\/p>\n<p><strong>\u00bfDesprendedores Impotentes?<br \/>\n<\/strong>Ni siquiera los desprendedores \u00a0de alta potencia (18 000 GS) son rivales para el dise\u00f1o exclusivo de la etiqueta <span style=\"color: #00768f;\">Systag.<\/span><\/p>\n<p><strong>\u00bfGanchos de seguridad?<br \/>\n<\/strong>Imposibles. La etiqueta <span style=\"color: #00768f;\">Systag<\/span> est\u00e1 dise\u00f1ado para resistir intentos de apertura con ganchos de seguridad.<\/p>\n<p>Esto significa que la mercanc\u00eda de sus minoristas permanece segura en los estantes, reduciendo las p\u00e9rdidas y protegiendo sus ganancias.<\/p>\n<p><span style=\"color: #00768f;\">Systag<\/span>, la revolucionaria soluci\u00f3n de etiquetado de alta seguridad que revoluciona el mercado. Gracias a un dise\u00f1o exclusivo invulnerable, <span style=\"color: #00768f;\">Systag<\/span> no se puede retirar con herramientas convencionales.<\/p>\n<p>&nbsp;<\/p>\n<p>Sin m\u00e9todos de vulneraci\u00f3n conocidos, <span style=\"color: #00768f;\">Systag<\/span> ofrece una prevenci\u00f3n de robos inigualable, otorgando a los minoristas un verdadero control sobre su seguridad.<\/p>\n","protected":false},"excerpt":{"rendered":"<p style=\"text-align: left;\"><strong><span style=\"color: #00768f;\">DESYSTAG es el Desprendedor magn\u00e9tico m\u00e1s seguro del mundo<\/span><\/strong><\/p>\n<p style=\"text-align: center;\"><a href=\"https:\/\/sysdil.es\/pt-pt\/producto\/etiqueta-alarma-systag-alta-seguridad\/\"><span style=\"color: #993366;\">SOLO V\u00c1LIDO CON ETIQUETAS SYSTAG<\/span><\/a><\/p>\n<p>Con un dise\u00f1o patentado<br \/>\n<img decoding=\"async\" class=\"size-full wp-image-98561 alignleft\" src=\"https:\/\/dealsys.net\/wp-content\/uploads\/2025\/07\/Desystag_400-e1753862566536.jpg\" alt=\"\" width=\"200\" height=\"200\" \/><\/p>\n<p>&nbsp;<\/p>\n","protected":false},"featured_media":98299,"comment_status":"open","ping_status":"closed","template":"","meta":[],"product_brand":[],"product_cat":[234,235],"product_tag":[194,195,260],"class_list":{"0":"post-98438","1":"product","2":"type-product","3":"status-publish","4":"has-post-thumbnail","6":"product_cat-acessorios","7":"product_cat-destacadores","8":"product_tag-antifurto","9":"product_tag-barreiras-antifurto","10":"product_tag-desacoplador","12":"first","13":"instock","14":"taxable","15":"shipping-taxable","16":"purchasable","17":"product-type-simple"},"_links":{"self":[{"href":"https:\/\/sysdil.es\/pt-pt\/wp-json\/wp\/v2\/product\/98438","targetHints":{"allow":["GET"]}}],"collection":[{"href":"https:\/\/sysdil.es\/pt-pt\/wp-json\/wp\/v2\/product"}],"about":[{"href":"https:\/\/sysdil.es\/pt-pt\/wp-json\/wp\/v2\/types\/product"}],"replies":[{"embeddable":true,"href":"https:\/\/sysdil.es\/pt-pt\/wp-json\/wp\/v2\/comments?post=98438"}],"wp:featuredmedia":[{"embeddable":true,"href":"https:\/\/sysdil.es\/pt-pt\/wp-json\/wp\/v2\/media\/98299"}],"wp:attachment":[{"href":"https:\/\/sysdil.es\/pt-pt\/wp-json\/wp\/v2\/media?parent=98438"}],"wp:term":[{"taxonomy":"product_brand","embeddable":true,"href":"https:\/\/sysdil.es\/pt-pt\/wp-json\/wp\/v2\/product_brand?post=98438"},{"taxonomy":"product_cat","embeddable":true,"href":"https:\/\/sysdil.es\/pt-pt\/wp-json\/wp\/v2\/product_cat?post=98438"},{"taxonomy":"product_tag","embeddable":true,"href":"https:\/\/sysdil.es\/pt-pt\/wp-json\/wp\/v2\/product_tag?post=98438"}],"curies":[{"name":"wp","href":"https:\/\/api.w.org\/{rel}","templated":true}]}}