{"id":98483,"date":"2026-04-01T19:06:52","date_gmt":"2026-04-01T17:06:52","guid":{"rendered":"https:\/\/sysdil.es\/producto\/sensor-de-conteo-de-personas-3d\/"},"modified":"2026-04-16T15:00:41","modified_gmt":"2026-04-16T13:00:41","slug":"sensor-de-conteo-de-personas-3d","status":"publish","type":"product","link":"https:\/\/sysdil.es\/pt-pt\/producto\/sensor-de-conteo-de-personas-3d\/","title":{"rendered":"Sensor de Conteo de Personas 3D"},"content":{"rendered":"<p><strong><span style=\"color: #00768f;\">Serie VS125<\/span><\/strong><br \/>\nContador de personas con visi\u00f3n 3D e IA<\/p>\n<p>La serie VS125 combina visi\u00f3n 3D y an\u00e1lisis basados \u200b\u200ben IA para ofrecer conteo de personas certificado seg\u00fan el RGPD e informaci\u00f3n sobre los clientes, cubriendo grandes espacios comerciales con hasta 16 dispositivos y permitiendo tomar decisiones comerciales m\u00e1s inteligentes basadas en datos.<\/p>\n<p><strong><span style=\"color: #00768f;\">99,8 % de precisi\u00f3n<\/span><\/strong><br \/>\nLa visi\u00f3n estereosc\u00f3pica 3D binocular, mejorada mediante aprendizaje profundo con IA, garantiza<br \/>\nuna precisi\u00f3n l\u00edder en el sector para el conteo de personas.<br \/>\nFuncionalidades ampliadas con IA<br \/>\nLos algoritmos de IA desbloquean funciones avanzadas de detecci\u00f3n y conteo, ofreciendo informaci\u00f3n y an\u00e1lisis m\u00e1s profundos para diversos entornos minoristas.<\/p>\n<p><span style=\"color: #00768f;\"><strong>Cumplimiento total del RGPD<\/strong><\/span><br \/>\nCumplimiento total del RGPD para garantizar la protecci\u00f3n completa de la privacidad y un control de datos seguro y transparente.<\/p>\n","protected":false},"excerpt":{"rendered":"<p><strong><span style=\"color: #00768f;\">Conteo inteligente para decisiones r\u00e1pidas<\/span><\/strong><br \/>\nLa soluci\u00f3n Sysdil VS125 redefine el conteo inteligente con una combinaci\u00f3n de precisi\u00f3n extrema, anal\u00edtica avanzada y una integraci\u00f3n sencilla. Dise\u00f1ado para entornos exigentes, permite a las empresas optimizar espacios, mejorar la experiencia de clientes y tomar decisiones \u00e1giles basadas en datos fiables.<br \/>\n\u25a0 <span style=\"color: #00768f;\">Precisi\u00f3n 99,8%:<\/span> El sensor utiliza visi\u00f3n estereosc\u00f3pica y algoritmos de IA para alcanzar una exactitud l\u00edder del 99,8%, incluso en condiciones de baja luz o completa oscuridad.<br \/>\n\u25a0 <span style=\"color: #00768f;\">Diferenciaci\u00f3n adultos \/ ni\u00f1os \/ personal:<\/span> Clasifica con precisi\u00f3n a visitantes y personal, mejorando la gesti\u00f3n operativa y garantizando seguridad y eficiencia en el flujo de personas.<br \/>\n\u25a0 <span style=\"color: #00768f;\">Reconocimiento de g\u00e9nero:<\/span> Ofrece m\u00e9tricas de g\u00e9nero que enriquecen el an\u00e1lisis de comportamiento de clientes, facilitando estrategias comerciales m\u00e1s personalizadas.<br \/>\n\u25a0 <span style=\"color: #00768f;\">Cobertura y escalabilidad:<\/span> Instalable en techos de hasta 6 metros y escalable hasta 16 dispositivos enlazados, ideal para grandes superficies y entornos con alto tr\u00e1nsito.<br \/>\n\u25a0 <span style=\"color: #00768f;\">Conectividad vers\u00e1til:<\/span> Compatible con PoE, LTE 4G y APIs MQTT\/HTTP, lo que facilita una integraci\u00f3n flexible en sistemas de gesti\u00f3n y plataformas existentes.<\/p>\n","protected":false},"featured_media":98450,"comment_status":"open","ping_status":"closed","template":"","meta":[],"product_brand":[],"product_cat":[187],"product_tag":[200,266],"class_list":{"0":"post-98483","1":"product","2":"type-product","3":"status-publish","4":"has-post-thumbnail","6":"product_cat-contando-pessoas","7":"product_tag-contar","8":"product_tag-conteo-de-personas","10":"first","11":"instock","12":"taxable","13":"shipping-taxable","14":"purchasable","15":"product-type-simple"},"_links":{"self":[{"href":"https:\/\/sysdil.es\/pt-pt\/wp-json\/wp\/v2\/product\/98483","targetHints":{"allow":["GET"]}}],"collection":[{"href":"https:\/\/sysdil.es\/pt-pt\/wp-json\/wp\/v2\/product"}],"about":[{"href":"https:\/\/sysdil.es\/pt-pt\/wp-json\/wp\/v2\/types\/product"}],"replies":[{"embeddable":true,"href":"https:\/\/sysdil.es\/pt-pt\/wp-json\/wp\/v2\/comments?post=98483"}],"wp:featuredmedia":[{"embeddable":true,"href":"https:\/\/sysdil.es\/pt-pt\/wp-json\/wp\/v2\/media\/98450"}],"wp:attachment":[{"href":"https:\/\/sysdil.es\/pt-pt\/wp-json\/wp\/v2\/media?parent=98483"}],"wp:term":[{"taxonomy":"product_brand","embeddable":true,"href":"https:\/\/sysdil.es\/pt-pt\/wp-json\/wp\/v2\/product_brand?post=98483"},{"taxonomy":"product_cat","embeddable":true,"href":"https:\/\/sysdil.es\/pt-pt\/wp-json\/wp\/v2\/product_cat?post=98483"},{"taxonomy":"product_tag","embeddable":true,"href":"https:\/\/sysdil.es\/pt-pt\/wp-json\/wp\/v2\/product_tag?post=98483"}],"curies":[{"name":"wp","href":"https:\/\/api.w.org\/{rel}","templated":true}]}}