{"id":98489,"date":"2025-05-15T11:55:37","date_gmt":"2025-05-15T09:55:37","guid":{"rendered":"https:\/\/sysdil.es\/producto\/sistema-antihurto-radiofrecuencia\/"},"modified":"2026-04-15T10:04:10","modified_gmt":"2026-04-15T08:04:10","slug":"sistema-antihurto-radiofrecuencia","status":"publish","type":"product","link":"https:\/\/sysdil.es\/pt-pt\/producto\/sistema-antihurto-radiofrecuencia\/","title":{"rendered":"SISTEMA ANTIHURTO ALUMINIO RF MONO"},"content":{"rendered":"<p><strong>Sistema de MONO antena <span style=\"color: #00789f;\">NOVA 10 (Mono) de 8,2 MHz<\/span><\/strong><br \/>\nEs el modelo b\u00e1sico m\u00e1s destacado en el mercado actual, equipado con tecnolog\u00eda de electr\u00f3nica original de alta calidad de <span style=\"color: #00789f;\"><strong>DSYS.<\/strong><\/span><\/p>\n<p><strong>Instalaci\u00f3n<\/strong><br \/>\nEl NOVA 10 Mono es un sistema plug &amp; play que se instala de manera sencilla y r\u00e1pida. Se sincroniza autom\u00e1ticamente, adapt\u00e1ndose a su entorno y a otros sistemas de radiofrecuencia, lo que significa menos cables, una instalaci\u00f3n \u00e1gil y un mantenimiento pr\u00e1cticamente inexistente.<\/p>\n<p><strong>Dise\u00f1o<\/strong><br \/>\nCon un dise\u00f1o sencillo pero altamente eficiente, el<strong><span style=\"color: #00789f;\"> NOVA 10<\/span><\/strong> es ideal para todo tipo de comercios, como supermercados, tiendas de bricolaje, farmacias, tiendas de ropa y centros comerciales. Sus perfiles de aluminio, completamente renovados, se integran perfectamente en cualquier entorno comercial moderno.<\/p>\n","protected":false},"excerpt":{"rendered":"<div class=\"fusion-li-item-content\">\n<p><strong>Sistema de MONO antena <span style=\"color: #00789f;\">NOVA (Mono) de 8,2 MHz<\/span><\/strong><br \/>\nEs el modelo b\u00e1sico m\u00e1s destacado en el mercado actual, equipado con tecnolog\u00eda de electr\u00f3nica original de alta calidad de <strong><span style=\"color: #00789f;\">DSYS<\/span><\/strong>.<\/p>\n<p><strong>Instalaci\u00f3n<\/strong><br \/>\nEl <strong><span style=\"color: #00789f;\">NOVA 10 Mono<\/span><\/strong> es un sistema plug &amp; play que se instala de manera sencilla y r\u00e1pida. Se sincroniza autom\u00e1ticamente, adapt\u00e1ndose a su entorno y a otros sistemas de radiofrecuencia, lo que significa menos cables, una instalaci\u00f3n \u00e1gil y un mantenimiento pr\u00e1cticamente inexistente.<\/p>\n<p><strong>Dise\u00f1o<\/strong><br \/>\nCon un dise\u00f1o sencillo pero altamente eficiente, el <strong><span style=\"color: #00789f;\">NOVA 10<\/span><\/strong>\u00a0 Mono es ideal para todo tipo de comercios, como supermercados, tiendas de bricolaje, farmacias, tiendas de ropa y centros comerciales. Sus perfiles de aluminio, completamente renovados, se integran perfectamente en cualquier entorno comercial moderno.<\/p>\n<\/div>\n","protected":false},"featured_media":98443,"comment_status":"open","ping_status":"closed","template":"","meta":[],"product_brand":[],"product_cat":[267,268],"product_tag":[],"class_list":{"0":"post-98489","1":"product","2":"type-product","3":"status-publish","4":"has-post-thumbnail","6":"product_cat-rf","7":"product_cat-sistemas-antihurto","9":"first","10":"instock","11":"taxable","12":"shipping-taxable","13":"purchasable","14":"product-type-simple"},"_links":{"self":[{"href":"https:\/\/sysdil.es\/pt-pt\/wp-json\/wp\/v2\/product\/98489","targetHints":{"allow":["GET"]}}],"collection":[{"href":"https:\/\/sysdil.es\/pt-pt\/wp-json\/wp\/v2\/product"}],"about":[{"href":"https:\/\/sysdil.es\/pt-pt\/wp-json\/wp\/v2\/types\/product"}],"replies":[{"embeddable":true,"href":"https:\/\/sysdil.es\/pt-pt\/wp-json\/wp\/v2\/comments?post=98489"}],"wp:featuredmedia":[{"embeddable":true,"href":"https:\/\/sysdil.es\/pt-pt\/wp-json\/wp\/v2\/media\/98443"}],"wp:attachment":[{"href":"https:\/\/sysdil.es\/pt-pt\/wp-json\/wp\/v2\/media?parent=98489"}],"wp:term":[{"taxonomy":"product_brand","embeddable":true,"href":"https:\/\/sysdil.es\/pt-pt\/wp-json\/wp\/v2\/product_brand?post=98489"},{"taxonomy":"product_cat","embeddable":true,"href":"https:\/\/sysdil.es\/pt-pt\/wp-json\/wp\/v2\/product_cat?post=98489"},{"taxonomy":"product_tag","embeddable":true,"href":"https:\/\/sysdil.es\/pt-pt\/wp-json\/wp\/v2\/product_tag?post=98489"}],"curies":[{"name":"wp","href":"https:\/\/api.w.org\/{rel}","templated":true}]}}