{"id":98492,"date":"2025-03-17T16:24:28","date_gmt":"2025-03-17T15:24:28","guid":{"rendered":"https:\/\/sysdil.es\/producto\/sistema-antihurto-metacrilato-am\/"},"modified":"2025-03-17T16:24:28","modified_gmt":"2025-03-17T15:24:28","slug":"sistema-antihurto-metacrilato-am","status":"publish","type":"product","link":"https:\/\/sysdil.es\/pt-pt\/producto\/sistema-antihurto-metacrilato-am\/","title":{"rendered":"SISTEMA ANTIHURTO METACRILATO AM"},"content":{"rendered":"<p style=\"text-align: left;\">El sistema <strong><span style=\"color: #00768f;\">SYSMATIC SY-P60<\/span> <\/strong>es un sistema avanzado de software capaz de detectar de manera excelente las etiquetas r\u00edgidas y etiquetas DR de 58Khz<\/p>\n<p style=\"text-align: left;\">con buena resistencia a interferencias y diagn\u00f3sticos intuitivos de software, el <strong><span style=\"color: #00768f;\">sistema SY-P60<\/span><\/strong> es una opci\u00f3n ideal para cualquier tienda.<\/p>\n<p>\u201cGreen mode\u201d para ahorrar energ\u00eda durante la noche, y mucho m\u00e1s\u2026<\/p>\n<p>El sistema <strong><span style=\"color: #00768f;\">SYSMATIC SY-P60<\/span><\/strong>, consta de una unidad maestra que puede admitir hasta dos antenas sat\u00e9lite sin necesidad de controlador, lo que hace que las salidas grandes o m\u00faltiples sean f\u00e1cil de proteger.<\/p>\n<p>Las antenas son completamente universales y se pueden configurar simplemente como un transceptor, transmisor o receptor.<\/p>\n<p>Esto permite una flexibilidad total al momento de la instalaci\u00f3n.<br \/>\nNo se requieren dispositivos de herramientas adicionales para la sincronizaci\u00f3n<\/p>\n","protected":false},"excerpt":{"rendered":"<div class=\"fusion-li-item-content\">\n<div class=\"fusion-li-item-content\">\n<div class=\"fusion-li-item-content\">\n<p><span style=\"color: #00768f;\"><strong>Mantenimiento Remoto via WiFi<br \/>\n<\/strong><\/span>Sistema de alto rendimiento para la protecci\u00f3n electr\u00f3nica de art\u00edculos (EAS)<br \/>\nPedestal con un dise\u00f1o moderno, RETRO ILUMINADO EN AZUL se integra perfectamente con la decoraci\u00f3n del establecimiento<br \/>\nPedestal de Metacrilato resistente<br \/>\nOpci\u00f3n de a\u00f1adir unos protectores para salvaguardar los sistemas de golpes<br \/>\nProtege salidas hasta de 4 m de ancho con solo 2 pedestales<br \/>\nCon alarma visual y de audio incorporadas para una mayor visibilidad<br \/>\nM\u00faltiples configuraciones con 1, 2, 3 pedestales<br \/>\nCompatible con toda la gama de etiquetas acustomagn\u00e9ticas<\/p>\n<\/div>\n<\/div>\n<\/div>\n<p><strong>RANGO DE DETECCION: Las distancias pueden variar seg\u00fan el entorno el\u00e9ctrico<\/strong><\/p>\n<p><strong>SISTEMAS DUAL \u2022 Con etiquetas adhesiva: 2,00 mts entre antenas \u2022 Con etiquetas r\u00edgidas: 2,20 mts. entre antenas<\/strong><\/p>\n<p><strong>MONO ANTENA \u2022 Con etiquetas adhesiva: 90 cms. por cada lado \u2022 Con etiquetas r\u00edgidas: 110 cms. por cada lado<\/strong><\/p>\n","protected":false},"featured_media":98206,"comment_status":"open","ping_status":"closed","template":"","meta":[],"product_brand":[],"product_cat":[269,268],"product_tag":[],"class_list":{"0":"post-98492","1":"product","2":"type-product","3":"status-publish","4":"has-post-thumbnail","6":"product_cat-am","7":"product_cat-sistemas-antihurto","9":"first","10":"instock","11":"taxable","12":"shipping-taxable","13":"purchasable","14":"product-type-simple"},"_links":{"self":[{"href":"https:\/\/sysdil.es\/pt-pt\/wp-json\/wp\/v2\/product\/98492","targetHints":{"allow":["GET"]}}],"collection":[{"href":"https:\/\/sysdil.es\/pt-pt\/wp-json\/wp\/v2\/product"}],"about":[{"href":"https:\/\/sysdil.es\/pt-pt\/wp-json\/wp\/v2\/types\/product"}],"replies":[{"embeddable":true,"href":"https:\/\/sysdil.es\/pt-pt\/wp-json\/wp\/v2\/comments?post=98492"}],"wp:featuredmedia":[{"embeddable":true,"href":"https:\/\/sysdil.es\/pt-pt\/wp-json\/wp\/v2\/media\/98206"}],"wp:attachment":[{"href":"https:\/\/sysdil.es\/pt-pt\/wp-json\/wp\/v2\/media?parent=98492"}],"wp:term":[{"taxonomy":"product_brand","embeddable":true,"href":"https:\/\/sysdil.es\/pt-pt\/wp-json\/wp\/v2\/product_brand?post=98492"},{"taxonomy":"product_cat","embeddable":true,"href":"https:\/\/sysdil.es\/pt-pt\/wp-json\/wp\/v2\/product_cat?post=98492"},{"taxonomy":"product_tag","embeddable":true,"href":"https:\/\/sysdil.es\/pt-pt\/wp-json\/wp\/v2\/product_tag?post=98492"}],"curies":[{"name":"wp","href":"https:\/\/api.w.org\/{rel}","templated":true}]}}