{"id":98493,"date":"2025-03-17T16:12:15","date_gmt":"2025-03-17T15:12:15","guid":{"rendered":"https:\/\/sysdil.es\/producto\/sistema-antihurto-plexi-aluminio-am\/"},"modified":"2025-03-17T16:12:15","modified_gmt":"2025-03-17T15:12:15","slug":"sistema-antihurto-plexi-aluminio-am","status":"publish","type":"product","link":"https:\/\/sysdil.es\/pt-pt\/producto\/sistema-antihurto-plexi-aluminio-am\/","title":{"rendered":"SISTEMA ANTIHURTO PLEXI ALUMINIO AM"},"content":{"rendered":"<p style=\"text-align: center;\"><strong><span style=\"color: #00768f;\">EFICACIA SUPERIOR:<\/span><\/strong><br \/>\nUn sistema confiable y de alto rendimiento que ofrece capacidades de detecci\u00f3n excepcionales<\/p>\n<div class=\"fusion-separator\" style=\"text-align: center;\">\n<div class=\"fusion-separator-border sep-single sep-solid\"><strong><span style=\"color: #00768f;\">UN DISE\u00d1O ATRACTIVO Y DISCRETO:<\/span><\/strong><br \/>\nAcr\u00edlico resistente y transparente para que se integre en el dise\u00f1o de su tienda. Marco de Aluminio anodizado negro mate.<\/div>\n<\/div>\n<div class=\"fusion-text fusion-text-2\">\n<p style=\"text-align: center;\"><strong><span style=\"color: #00768f;\">UNA SOLUCI\u00d3N OPTIMIZADA<\/span><\/strong><br \/>\nUn sistema equipado con numerosas opciones activables para optimizar su protecci\u00f3n antirrobo.<\/p>\n<p style=\"text-align: center;\"><span style=\"color: #00768f;\">El sistema antihurto SY-T50<\/span>, es conocido por su potencia de detecci\u00f3n y fiabilidad.<br \/>\nPuede detectar las etiquetas hasta a 2,5 metros, convirti\u00e9ndolo en un sistema antirrobo de una eficacia temible.<br \/>\nNuestro dispositivo ofrece un dise\u00f1o elegante que incluye paneles de plexigl\u00e1s, lo que le permite integrarse sin problemas en su tienda.<br \/>\nFinalmente, es un sistema conectado con muchas opciones que permiten detectar, interferencias, as\u00ed como evitar alarmas falsas y realizar mantenimiento a distancia.<\/p>\n<\/div>\n","protected":false},"excerpt":{"rendered":"<div class=\"fusion-li-item-content\">\n<div class=\"fusion-li-item-content\">\n<p><strong><span style=\"color: #00768f;\">Mantenimiento Remoto v\u00eda WiFi<\/span><\/strong><\/p>\n<\/div>\n<div class=\"fusion-li-item-content\">Sistema de alto rendimiento para la protecci\u00f3n electr\u00f3nica de art\u00edculos (EAS)<\/div>\n<div class=\"fusion-li-item-content\">Pedestal con un dise\u00f1o moderno y robusto que se integra perfectamente con la decoraci\u00f3n del establecimiento<br \/>\nPedestal de FiberGlass y Aluminio muy resistente<\/div>\n<div class=\"fusion-li-item-content\">De dise\u00f1o abierto, permite la perfecta visibilidad y minimiza la obstrucci\u00f3n visual<br \/>\nOpci\u00f3n de a\u00f1adir unos protectores para salvaguardar los sistemas de golpes<br \/>\nProtege salidas hasta de 3m de ancho con s\u00f3lo 2 pedestales<br \/>\nCon alarma visual y de audio incorporadas para una mayor visibilidad<br \/>\nM\u00faltiples configuraciones con 1, 2, 3 pedestales<br \/>\nCompatible con toda la gama de etiquetas acustomagn\u00e9ticas<\/div>\n<\/div>\n<p><strong>RANGO DE DETECCION: Las distancias pueden variar seg\u00fan el entorno el\u00e9ctrico<\/strong><\/p>\n<p><strong>SISTEMAS DUAL \u2022 Con etiquetas adhesiva: 2,00 mts entre antenas \u2022 Con etiquetas r\u00edgidas: 2,20 mts. entre antenas<\/strong><\/p>\n<p><strong>MONO ANTENA \u2022 Con etiquetas adhesiva: 90 cms. por cada lado \u2022 Con etiquetas r\u00edgidas: 110 cms. por cada lado<\/strong><\/p>\n","protected":false},"featured_media":97917,"comment_status":"open","ping_status":"closed","template":"","meta":[],"product_brand":[],"product_cat":[269,268],"product_tag":[],"class_list":{"0":"post-98493","1":"product","2":"type-product","3":"status-publish","4":"has-post-thumbnail","6":"product_cat-am","7":"product_cat-sistemas-antihurto","9":"first","10":"onbackorder","11":"taxable","12":"shipping-taxable","13":"product-type-simple"},"_links":{"self":[{"href":"https:\/\/sysdil.es\/pt-pt\/wp-json\/wp\/v2\/product\/98493","targetHints":{"allow":["GET"]}}],"collection":[{"href":"https:\/\/sysdil.es\/pt-pt\/wp-json\/wp\/v2\/product"}],"about":[{"href":"https:\/\/sysdil.es\/pt-pt\/wp-json\/wp\/v2\/types\/product"}],"replies":[{"embeddable":true,"href":"https:\/\/sysdil.es\/pt-pt\/wp-json\/wp\/v2\/comments?post=98493"}],"wp:featuredmedia":[{"embeddable":true,"href":"https:\/\/sysdil.es\/pt-pt\/wp-json\/wp\/v2\/media\/97917"}],"wp:attachment":[{"href":"https:\/\/sysdil.es\/pt-pt\/wp-json\/wp\/v2\/media?parent=98493"}],"wp:term":[{"taxonomy":"product_brand","embeddable":true,"href":"https:\/\/sysdil.es\/pt-pt\/wp-json\/wp\/v2\/product_brand?post=98493"},{"taxonomy":"product_cat","embeddable":true,"href":"https:\/\/sysdil.es\/pt-pt\/wp-json\/wp\/v2\/product_cat?post=98493"},{"taxonomy":"product_tag","embeddable":true,"href":"https:\/\/sysdil.es\/pt-pt\/wp-json\/wp\/v2\/product_tag?post=98493"}],"curies":[{"name":"wp","href":"https:\/\/api.w.org\/{rel}","templated":true}]}}