{"id":98494,"date":"2025-03-17T16:05:27","date_gmt":"2025-03-17T15:05:27","guid":{"rendered":"https:\/\/sysdil.es\/producto\/sistema-antihurto-fiberglass-am\/"},"modified":"2026-04-15T10:04:42","modified_gmt":"2026-04-15T08:04:42","slug":"sistema-antihurto-fiberglass-am","status":"publish","type":"product","link":"https:\/\/sysdil.es\/pt-pt\/producto\/sistema-antihurto-fiberglass-am\/","title":{"rendered":"SISTEMA ANTIHURTO FIBERGLASS AM"},"content":{"rendered":"<p>El equipo m\u00e1s robusto de la gama, fabricado en fiberglass de alta resistencia.<\/p>\n<p>Sus paneles abiertos le hacen inmune al paso del tiempo.<\/p>\n<p>Ni ara\u00f1azos, ni marca del tiempo, y su precio de lo m\u00e1s asequible, hacen de este equipo un Top Ventas.<\/p>\n<div class=\"fusion-li-item-content\">\n<p>Mantenimiento Remoto via WiFi<\/p>\n<\/div>\n<div class=\"fusion-li-item-content\">\n<p>Sistema de alto rendimiento para la protecci\u00f3n electr\u00f3nica de art\u00edculos (EAS)<\/p>\n<\/div>\n<div class=\"fusion-li-item-content\">\n<p>Pedestal con un dise\u00f1o moderno y robusto que se integra perfectamente con la decoraci\u00f3n del establecimiento<\/p>\n<\/div>\n<div class=\"fusion-li-item-content\">\n<p>Pedestal de FiberGlass muy resistente<\/p>\n<\/div>\n<div class=\"fusion-li-item-content\">\n<p>De dise\u00f1o abierto, permite la perfecta visibilidad y minimiza la obstrucci\u00f3n visual<\/p>\n<\/div>\n<div class=\"fusion-li-item-content\">\n<p>Opci\u00f3n de a\u00f1adir unos protectores para salvaguardar los sistemas de golpes<\/p>\n<\/div>\n<div class=\"fusion-li-item-content\">\n<p>Protege salidas hasta de 3m de ancho con s\u00f3lo 2 pedestales<\/p>\n<\/div>\n<div class=\"fusion-li-item-content\">\n<p>Con alarma visual y de audio incorporadas para una mayor visibilidad<\/p>\n<\/div>\n<div class=\"fusion-li-item-content\">\n<p>M\u00faltiples configuraciones con 1, 2, 3 pedestales<\/p>\n<\/div>\n<div class=\"fusion-li-item-content\">\n<p>Compatible con toda la gama de etiquetas acustomagn\u00e9ticas<\/p>\n<\/div>\n<div class=\"fusion-li-item-content\"><\/div>\n","protected":false},"excerpt":{"rendered":"<div class=\"fusion-li-item-content\">\n<p>Mantenimiento Remoto via WiFi<\/p>\n<\/div>\n<div class=\"fusion-li-item-content\">\n<p><strong><span style=\"color: #00768f;\">Sistema de alto rendimiento para la protecci\u00f3n electr\u00f3nica de art\u00edculos (EAS)<\/span><\/strong><\/p>\n<\/div>\n<div class=\"fusion-li-item-content\">\n<p>Pedestal con un dise\u00f1o moderno y robusto que se integra perfectamente con la decoraci\u00f3n del establecimiento<\/p>\n<\/div>\n<div class=\"fusion-li-item-content\">\n<p>Pedestal de FiberGlass muy resistente<\/p>\n<\/div>\n<div class=\"fusion-li-item-content\">\n<p>De dise\u00f1o abierto, permite la perfecta visibilidad y minimiza la obstrucci\u00f3n visual<\/p>\n<\/div>\n<div class=\"fusion-li-item-content\">\n<p>Opci\u00f3n de a\u00f1adir unos protectores para salvaguardar los sistemas de golpes<\/p>\n<\/div>\n<div class=\"fusion-li-item-content\">\n<p>Protege salidas hasta de 3m de ancho con s\u00f3lo 2 pedestales<\/p>\n<\/div>\n<div class=\"fusion-li-item-content\">\n<p>Con alarma visual y de audio incorporadas para una mayor visibilidad<\/p>\n<\/div>\n<div class=\"fusion-li-item-content\">\n<p>M\u00faltiples configuraciones con 1, 2, 3 pedestales<\/p>\n<\/div>\n<p>Compatible con toda la gama de etiquetas acustomagn\u00e9ticas<i class=\"fusion-li-icon fa-angle-right fas\" aria-hidden=\"true\"><\/i><\/p>\n<p><span style=\"color: #00768f;\"><strong>SY-T40-D Sistema Dual 2 antenas<\/strong><\/span><\/p>\n<p><span style=\"color: #00768f;\"><strong>SY-T40-M Sistema Mono antena<\/strong><\/span><\/p>\n<p><strong>RANGO DE DETECCION: Las distancias pueden variar seg\u00fan el entorno el\u00e9ctrico<\/strong><\/p>\n<p><strong>SISTEMAS DUAL \u2022 Con etiquetas adhesiva: 2,00 mts entre antenas \u2022 Con etiquetas r\u00edgidas: 2,20 mts. entre antenas<\/strong><\/p>\n<p><strong>MONO ANTENA \u2022 Con etiquetas adhesiva: 90 cms. por cada lado \u2022 Con etiquetas r\u00edgidas: 110 cms. por cada lado<\/strong><\/p>\n","protected":false},"featured_media":98223,"comment_status":"open","ping_status":"closed","template":"","meta":[],"product_brand":[],"product_cat":[269,268],"product_tag":[270,194,271,195,272],"class_list":{"0":"post-98494","1":"product","2":"type-product","3":"status-publish","4":"has-post-thumbnail","6":"product_cat-am","7":"product_cat-sistemas-antihurto","8":"product_tag-alarmas-antihurto","9":"product_tag-antifurto","10":"product_tag-arcos-antihurto","11":"product_tag-barreiras-antifurto","12":"product_tag-sistemas-antihurto","14":"first","15":"instock","16":"taxable","17":"shipping-taxable","18":"purchasable","19":"product-type-simple"},"_links":{"self":[{"href":"https:\/\/sysdil.es\/pt-pt\/wp-json\/wp\/v2\/product\/98494","targetHints":{"allow":["GET"]}}],"collection":[{"href":"https:\/\/sysdil.es\/pt-pt\/wp-json\/wp\/v2\/product"}],"about":[{"href":"https:\/\/sysdil.es\/pt-pt\/wp-json\/wp\/v2\/types\/product"}],"replies":[{"embeddable":true,"href":"https:\/\/sysdil.es\/pt-pt\/wp-json\/wp\/v2\/comments?post=98494"}],"wp:featuredmedia":[{"embeddable":true,"href":"https:\/\/sysdil.es\/pt-pt\/wp-json\/wp\/v2\/media\/98223"}],"wp:attachment":[{"href":"https:\/\/sysdil.es\/pt-pt\/wp-json\/wp\/v2\/media?parent=98494"}],"wp:term":[{"taxonomy":"product_brand","embeddable":true,"href":"https:\/\/sysdil.es\/pt-pt\/wp-json\/wp\/v2\/product_brand?post=98494"},{"taxonomy":"product_cat","embeddable":true,"href":"https:\/\/sysdil.es\/pt-pt\/wp-json\/wp\/v2\/product_cat?post=98494"},{"taxonomy":"product_tag","embeddable":true,"href":"https:\/\/sysdil.es\/pt-pt\/wp-json\/wp\/v2\/product_tag?post=98494"}],"curies":[{"name":"wp","href":"https:\/\/api.w.org\/{rel}","templated":true}]}}