{"id":98495,"date":"2025-03-17T15:23:31","date_gmt":"2025-03-17T14:23:31","guid":{"rendered":"https:\/\/sysdil.es\/producto\/latiguillo-lanyard-de-acero-con-lazo-17-cm\/"},"modified":"2026-04-15T15:03:20","modified_gmt":"2026-04-15T13:03:20","slug":"latiguillo-lanyard-de-acero-con-lazo-17-cm","status":"publish","type":"product","link":"https:\/\/sysdil.es\/pt-pt\/producto\/latiguillo-lanyard-de-acero-con-lazo-17-cm\/","title":{"rendered":"Latiguillo Lanyard de acero con lazo 17 cm"},"content":{"rendered":"<p><strong><span style=\"color: #00768f;\">Un dispositivo peque\u00f1o con gran impacto.<\/span><\/strong><\/p>\n<p>son soluciones ideales para salvaguardar productos que no pueden protegerse con los tradicionales pines antirrobo.<\/p>\n<p>Estos dispositivos est\u00e1n fabricados con alambre de acero y cuentan con un revestimiento pl\u00e1stico que evita deteriorar la mercanc\u00eda.<\/p>\n<p>Son perfectamente compatibles tanto con sistemas de protecci\u00f3n acustomagn\u00e9ticos como con aquellos que operan mediante radiofrecuencia.<\/p>\n<p>100 unidades por caja.<\/p>\n","protected":false},"excerpt":{"rendered":"<div class=\"bold\">Especificaciones<\/div>\n<ul>\n<li>Ideal para la protecci\u00f3n de objetos con perforaciones: calzado, ropa, etc.<\/li>\n<li>Acero plastificado.<\/li>\n<li>Color negro.<\/li>\n<li>Longitud: 170 mm.<\/li>\n<li>Conexi\u00f3n: lazo<\/li>\n<li><strong><span style=\"color: #00768f;\">100 unidades\u00a0<\/span><\/strong><\/li>\n<\/ul>\n","protected":false},"featured_media":98366,"comment_status":"open","ping_status":"closed","template":"","meta":[],"product_brand":[],"product_cat":[184,232],"product_tag":[194,273,204,274],"class_list":{"0":"post-98495","1":"product","2":"type-product","3":"status-publish","4":"has-post-thumbnail","6":"product_cat-consumiveis-antifurto","7":"product_cat-etiquetas-rigidas-pt-pt","8":"product_tag-antifurto","9":"product_tag-antihurto-electronica","10":"product_tag-frequencia-de-radio","11":"product_tag-protectores-informatica","13":"first","14":"instock","15":"taxable","16":"shipping-taxable","17":"purchasable","18":"product-type-simple"},"_links":{"self":[{"href":"https:\/\/sysdil.es\/pt-pt\/wp-json\/wp\/v2\/product\/98495","targetHints":{"allow":["GET"]}}],"collection":[{"href":"https:\/\/sysdil.es\/pt-pt\/wp-json\/wp\/v2\/product"}],"about":[{"href":"https:\/\/sysdil.es\/pt-pt\/wp-json\/wp\/v2\/types\/product"}],"replies":[{"embeddable":true,"href":"https:\/\/sysdil.es\/pt-pt\/wp-json\/wp\/v2\/comments?post=98495"}],"wp:featuredmedia":[{"embeddable":true,"href":"https:\/\/sysdil.es\/pt-pt\/wp-json\/wp\/v2\/media\/98366"}],"wp:attachment":[{"href":"https:\/\/sysdil.es\/pt-pt\/wp-json\/wp\/v2\/media?parent=98495"}],"wp:term":[{"taxonomy":"product_brand","embeddable":true,"href":"https:\/\/sysdil.es\/pt-pt\/wp-json\/wp\/v2\/product_brand?post=98495"},{"taxonomy":"product_cat","embeddable":true,"href":"https:\/\/sysdil.es\/pt-pt\/wp-json\/wp\/v2\/product_cat?post=98495"},{"taxonomy":"product_tag","embeddable":true,"href":"https:\/\/sysdil.es\/pt-pt\/wp-json\/wp\/v2\/product_tag?post=98495"}],"curies":[{"name":"wp","href":"https:\/\/api.w.org\/{rel}","templated":true}]}}