{"id":98496,"date":"2025-03-17T15:10:28","date_gmt":"2025-03-17T14:10:28","guid":{"rendered":"https:\/\/sysdil.es\/producto\/etiqueta-alarma-antihurto-soft-label-para-joyerias\/"},"modified":"2026-04-15T10:03:13","modified_gmt":"2026-04-15T08:03:13","slug":"etiqueta-alarma-antihurto-soft-label-para-joyerias","status":"publish","type":"product","link":"https:\/\/sysdil.es\/pt-pt\/producto\/etiqueta-alarma-antihurto-soft-label-para-joyerias\/","title":{"rendered":"Etiqueta Alarma Antihurto Soft label para joyer\u00edas"},"content":{"rendered":"<p>Compatible con los sistemas EAS de las marcas que utilizan <span style=\"color: #00768f;\"><strong>la tecnolog\u00eda Acustomagn\u00e9tica AM<\/strong><\/span><\/p>\n<p>Las Etiquetas de Alarma AM est\u00e1n disponibles en 2 formatos:<\/p>\n<p>Alarma antihurto para complementos y productos muy peque\u00f1os. Joyer\u00eda y Bisuter\u00eda; Anillos, pulseras, brazaletes, gafas, coleteros, etc.<\/p>\n<p>Compatible con lazo de acero para complementos.<\/p>\n<p>Tecnolog\u00eda: AM Acustomagn\u00e9tica 58 KHz<\/p>\n<p>Sujeci\u00f3n mediante brida.<\/p>\n<p>Color: c\u00f3digo de barras<\/p>\n<p>Tama\u00f1o: 55mm x 10mm<\/p>\n<p>Precio por unidad<\/p>\n<p>* No incluye brida<\/p>\n","protected":false},"excerpt":{"rendered":"<p>Compatible con los sistemas de las marcas que<strong><span style=\"color: #00768f;\"> utilizan la tecnolog\u00eda Acustomagn\u00e9tica<\/span><\/strong><\/p>\n<p>Compatible con lazo de acero para complementos.<\/p>\n<p>Tecnolog\u00eda: AM Acustomagn\u00e9tico 58 KHz<\/p>\n<p>Sujeci\u00f3n mediante brida.<\/p>\n<p>Color: codigo de barras<\/p>\n<p>Tama\u00f1o: 55mm x 10mm<\/p>\n<p>Precio por unidad<\/p>\n<p>* No incluye brida<\/p>\n","protected":false},"featured_media":98203,"comment_status":"open","ping_status":"closed","template":"","meta":[],"product_brand":[],"product_cat":[184,233],"product_tag":[194,190,275,276],"class_list":{"0":"post-98496","1":"product","2":"type-product","3":"status-publish","4":"has-post-thumbnail","6":"product_cat-consumiveis-antifurto","7":"product_cat-etiquetas-adesivas","8":"product_tag-antifurto","9":"product_tag-apersonalizado","10":"product_tag-farmacias","11":"product_tag-perfumerias","13":"first","14":"instock","15":"taxable","16":"shipping-taxable","17":"purchasable","18":"product-type-simple"},"_links":{"self":[{"href":"https:\/\/sysdil.es\/pt-pt\/wp-json\/wp\/v2\/product\/98496","targetHints":{"allow":["GET"]}}],"collection":[{"href":"https:\/\/sysdil.es\/pt-pt\/wp-json\/wp\/v2\/product"}],"about":[{"href":"https:\/\/sysdil.es\/pt-pt\/wp-json\/wp\/v2\/types\/product"}],"replies":[{"embeddable":true,"href":"https:\/\/sysdil.es\/pt-pt\/wp-json\/wp\/v2\/comments?post=98496"}],"wp:featuredmedia":[{"embeddable":true,"href":"https:\/\/sysdil.es\/pt-pt\/wp-json\/wp\/v2\/media\/98203"}],"wp:attachment":[{"href":"https:\/\/sysdil.es\/pt-pt\/wp-json\/wp\/v2\/media?parent=98496"}],"wp:term":[{"taxonomy":"product_brand","embeddable":true,"href":"https:\/\/sysdil.es\/pt-pt\/wp-json\/wp\/v2\/product_brand?post=98496"},{"taxonomy":"product_cat","embeddable":true,"href":"https:\/\/sysdil.es\/pt-pt\/wp-json\/wp\/v2\/product_cat?post=98496"},{"taxonomy":"product_tag","embeddable":true,"href":"https:\/\/sysdil.es\/pt-pt\/wp-json\/wp\/v2\/product_tag?post=98496"}],"curies":[{"name":"wp","href":"https:\/\/api.w.org\/{rel}","templated":true}]}}