{"id":98502,"date":"2025-03-17T11:42:34","date_gmt":"2025-03-17T10:42:34","guid":{"rendered":"https:\/\/sysdil.es\/producto\/etiqueta-alarma-mini-pencil-33mm-rf-gris\/"},"modified":"2026-04-15T10:02:47","modified_gmt":"2026-04-15T08:02:47","slug":"etiqueta-alarma-mini-pencil-33mm-rf-gris","status":"publish","type":"product","link":"https:\/\/sysdil.es\/pt-pt\/producto\/etiqueta-alarma-mini-pencil-33mm-rf-gris\/","title":{"rendered":"Etiqueta Alarma Mini Pencil 33mm RF GRIS"},"content":{"rendered":"<p>Las etiquetas alarma antihurto minipencil tag son dispositivos de seguridad compactos dise\u00f1ados para proteger mercanc\u00eda en entornos comerciales.<\/p>\n<p>Estos peque\u00f1os tags, con forma similar a un l\u00e1piz miniatura (de ah\u00ed su nombre &#8220;minipencil&#8221;), funcionan como parte de un sistema antihurto electromagn\u00e9tico o acustomagn\u00e9tico.<\/p>\n<p>Estos dispositivos se adhieren a prendas de vestir, accesorios, productos electr\u00f3nicos peque\u00f1os y otros art\u00edculos de valor moderado.<\/p>\n<p>Cuando un cliente pasa por los arcos detectores sin que la etiqueta haya sido desactivada en caja, el sistema emite una alarma alertando al personal.<\/p>\n<p>&nbsp;<\/p>\n<p>&nbsp;<\/p>\n","protected":false},"excerpt":{"rendered":"<ul>\n<li class=\"whitespace-normal break-words\">Mini Pencil 55x13mm \u2010 RF 8,2 MhZ \u2010<\/li>\n<li class=\"whitespace-normal break-words\">Light Grey &#8211; Super Lock.<strong><span style=\"color: #00768f;\"> (33mm ferrite) <\/span><\/strong><\/li>\n<li class=\"whitespace-normal break-words\">Fabricado en pl\u00e1stico ABS.<\/li>\n<li class=\"whitespace-normal break-words\"><strong>Incluye CLAVO. Suministradas 500 unidades<\/strong><\/li>\n<li><strong><span style=\"color: #00768f;\">33 mm de ferrite para una\u00a0 mayor detecci\u00f3n.<\/span><\/strong><\/li>\n<\/ul>\n","protected":false},"featured_media":98158,"comment_status":"open","ping_status":"closed","template":"","meta":[],"product_brand":[],"product_cat":[184,232],"product_tag":[193,194,190,199],"class_list":{"0":"post-98502","1":"product","2":"type-product","3":"status-publish","4":"has-post-thumbnail","6":"product_cat-consumiveis-antifurto","7":"product_cat-etiquetas-rigidas-pt-pt","8":"product_tag-alarmes-de-roupas","9":"product_tag-antifurto","10":"product_tag-apersonalizado","11":"product_tag-consumiveis-de-alarme","13":"first","14":"instock","15":"taxable","16":"shipping-taxable","17":"purchasable","18":"product-type-simple"},"_links":{"self":[{"href":"https:\/\/sysdil.es\/pt-pt\/wp-json\/wp\/v2\/product\/98502","targetHints":{"allow":["GET"]}}],"collection":[{"href":"https:\/\/sysdil.es\/pt-pt\/wp-json\/wp\/v2\/product"}],"about":[{"href":"https:\/\/sysdil.es\/pt-pt\/wp-json\/wp\/v2\/types\/product"}],"replies":[{"embeddable":true,"href":"https:\/\/sysdil.es\/pt-pt\/wp-json\/wp\/v2\/comments?post=98502"}],"wp:featuredmedia":[{"embeddable":true,"href":"https:\/\/sysdil.es\/pt-pt\/wp-json\/wp\/v2\/media\/98158"}],"wp:attachment":[{"href":"https:\/\/sysdil.es\/pt-pt\/wp-json\/wp\/v2\/media?parent=98502"}],"wp:term":[{"taxonomy":"product_brand","embeddable":true,"href":"https:\/\/sysdil.es\/pt-pt\/wp-json\/wp\/v2\/product_brand?post=98502"},{"taxonomy":"product_cat","embeddable":true,"href":"https:\/\/sysdil.es\/pt-pt\/wp-json\/wp\/v2\/product_cat?post=98502"},{"taxonomy":"product_tag","embeddable":true,"href":"https:\/\/sysdil.es\/pt-pt\/wp-json\/wp\/v2\/product_tag?post=98502"}],"curies":[{"name":"wp","href":"https:\/\/api.w.org\/{rel}","templated":true}]}}