{"id":98503,"date":"2025-03-17T11:41:13","date_gmt":"2025-03-17T10:41:13","guid":{"rendered":"https:\/\/sysdil.es\/producto\/alarme-antihurto-par-botellas-rf\/"},"modified":"2026-04-18T10:02:37","modified_gmt":"2026-04-18T08:02:37","slug":"alarme-antihurto-par-botellas-rf","status":"publish","type":"product","link":"https:\/\/sysdil.es\/pt-pt\/producto\/alarme-antihurto-par-botellas-rf\/","title":{"rendered":"Alarma Antihurto par Botellas RF"},"content":{"rendered":"<h4><span style=\"color: #00768f;\">ALARMA ANTIHURTO PARA BOTELLAS<\/span><\/h4>\n<p>Etiqueta de seguridad con alarma antihurto en formato collar\u00edn para proteger todo tipo de botellas.<\/p>\n<p><strong>Los dispositivos de seguridad contra hurtos para botellas<\/strong> producidos por Dealsys, son mecanismos de protecci\u00f3n y prevenci\u00f3n de robos de primera categor\u00eda.<br \/>\nLos dispositivos de seguridad para botellas, est\u00e1n concebidos para instalarse con facilidad y sin obstaculizar la visualizaci\u00f3n de la etiqueta.<br \/>\nEstos mecanismos son <strong>compactos y poco visibles<\/strong>, evitando as\u00ed la reducci\u00f3n del espacio disponible en los anaqueles, lo que permite una <strong>presentaci\u00f3n organizada de los envases<\/strong>.<\/p>\n","protected":false},"excerpt":{"rendered":"<p>Protector de botellas cierre Magn\u00e9tico RF 8,2 Mhz.<\/p>\n<p>Protector de Botellas.<\/p>\n<p>Suministradas 100 Uds<\/p>\n","protected":false},"featured_media":98152,"comment_status":"open","ping_status":"closed","template":"","meta":[],"product_brand":[],"product_cat":[184,232],"product_tag":[277,278],"class_list":{"0":"post-98503","1":"product","2":"type-product","3":"status-publish","4":"has-post-thumbnail","6":"product_cat-consumiveis-antifurto","7":"product_cat-etiquetas-rigidas-pt-pt","8":"product_tag-antihurto-alcohol","9":"product_tag-proteccion-para-botellas","11":"first","12":"instock","13":"taxable","14":"shipping-taxable","15":"purchasable","16":"product-type-simple"},"_links":{"self":[{"href":"https:\/\/sysdil.es\/pt-pt\/wp-json\/wp\/v2\/product\/98503","targetHints":{"allow":["GET"]}}],"collection":[{"href":"https:\/\/sysdil.es\/pt-pt\/wp-json\/wp\/v2\/product"}],"about":[{"href":"https:\/\/sysdil.es\/pt-pt\/wp-json\/wp\/v2\/types\/product"}],"replies":[{"embeddable":true,"href":"https:\/\/sysdil.es\/pt-pt\/wp-json\/wp\/v2\/comments?post=98503"}],"wp:featuredmedia":[{"embeddable":true,"href":"https:\/\/sysdil.es\/pt-pt\/wp-json\/wp\/v2\/media\/98152"}],"wp:attachment":[{"href":"https:\/\/sysdil.es\/pt-pt\/wp-json\/wp\/v2\/media?parent=98503"}],"wp:term":[{"taxonomy":"product_brand","embeddable":true,"href":"https:\/\/sysdil.es\/pt-pt\/wp-json\/wp\/v2\/product_brand?post=98503"},{"taxonomy":"product_cat","embeddable":true,"href":"https:\/\/sysdil.es\/pt-pt\/wp-json\/wp\/v2\/product_cat?post=98503"},{"taxonomy":"product_tag","embeddable":true,"href":"https:\/\/sysdil.es\/pt-pt\/wp-json\/wp\/v2\/product_tag?post=98503"}],"curies":[{"name":"wp","href":"https:\/\/api.w.org\/{rel}","templated":true}]}}