{"id":98504,"date":"2025-03-17T10:35:24","date_gmt":"2025-03-17T09:35:24","guid":{"rendered":"https:\/\/sysdil.es\/producto\/etiqueta-antihurto-am-mini-formato-para-prendas-y-complementos\/"},"modified":"2026-04-15T10:01:50","modified_gmt":"2026-04-15T08:01:50","slug":"etiqueta-antihurto-am-mini-formato-para-prendas-y-complementos","status":"publish","type":"product","link":"https:\/\/sysdil.es\/pt-pt\/producto\/etiqueta-antihurto-am-mini-formato-para-prendas-y-complementos\/","title":{"rendered":"Etiqueta antihurto AM Mini formato para prendas y complementos"},"content":{"rendered":"<p><span style=\"color: #00769f;\"><strong>SYSTAG\u00ae VST de SYSDIL\u00ae<\/strong><\/span><\/p>\n<p>VSTAG, el est\u00e1ndar en protecci\u00f3n de activos, cuenta con un dise\u00f1o de abrazadera patentado para una resistencia superior a la manipulaci\u00f3n.<br \/>\nLa mercanc\u00eda llega a la tienda lista para su disponibilidad inmediata.<br \/>\nReduce la p\u00e9rdida de ventas y elimina los costos de mano de obra asociados con el etiquetado en tienda, lo que permite a los empleados de la tienda brindar un mejor servicio a los clientes.<br \/>\nMejora el cumplimiento normativo de las etiquetas con el etiquetado en el punto de fabricaci\u00f3n.<br \/>\nRespalda las iniciativas ecol\u00f3gicas al reducir los residuos mediante el reciclaje de etiquetas usadas para su reaplicaci\u00f3n.<\/p>\n<p><strong>Caracter\u00edsticas:<\/strong><\/p>\n<ul>\n<li><em>Dise\u00f1o peque\u00f1o e impecable.<\/em> El peque\u00f1o tama\u00f1o ofrece la correcta disuasi\u00f3n visual sin desmerecer la presentaci\u00f3n de los art\u00edculos.<\/li>\n<li><em>Material ligero.<\/em><strong><span style=\"color: #00769f;\"> SysTag\u00ae VST<\/span><\/strong> puede aplicarse a una amplia gama de prendas, minimizando el efecto negativo incluso en las prendas m\u00e1s delicadas.<\/li>\n<li><em>Dise\u00f1o resistente a la manipulaci\u00f3n.<\/em> Su material resistente de pl\u00e1stico ABS, combinado con el clavo giratorio y nuestro mecanismo de muelle interior Sysdil\u00ae patentado, ofrece a los minoristas un excelente dispositivo de seguridad para proteger los art\u00edculos.<\/li>\n<li><em>Alto rendimiento.<\/em> <strong><span style=\"color: #00769f;\">SysTag\u00ae VST<\/span><\/strong> utiliza tecnolog\u00eda de polarizaci\u00f3n\/resonador muy fiable, ofreciendo una detecci\u00f3n consistente y libre de forzajes.<\/li>\n<\/ul>\n<p><strong>UNIDADES: 100 Unidades<\/strong><\/p>\n","protected":false},"excerpt":{"rendered":"<p><span style=\"color: #00769f;\"><strong>SYSTAG\u00ae VST de SYSDIL\u00ae<\/strong><\/span><br \/>\nLa soluci\u00f3n id\u00f3nea para ofrecer una etiqueta, r\u00edgida, reutilizable, discreta y ligera.<br \/>\nIdeal para proteger todas las clases de prendas y complementos.<\/p>\n<p>Nuestros productos son compatibles con los sistemas antihurto de tecnolog\u00eda Acustomagn\u00e9tica<\/p>\n","protected":false},"featured_media":98145,"comment_status":"open","ping_status":"closed","template":"","meta":[],"product_brand":[],"product_cat":[184,232],"product_tag":[193,194,190,199],"class_list":{"0":"post-98504","1":"product","2":"type-product","3":"status-publish","4":"has-post-thumbnail","6":"product_cat-consumiveis-antifurto","7":"product_cat-etiquetas-rigidas-pt-pt","8":"product_tag-alarmes-de-roupas","9":"product_tag-antifurto","10":"product_tag-apersonalizado","11":"product_tag-consumiveis-de-alarme","13":"first","14":"instock","15":"taxable","16":"shipping-taxable","17":"purchasable","18":"product-type-simple"},"_links":{"self":[{"href":"https:\/\/sysdil.es\/pt-pt\/wp-json\/wp\/v2\/product\/98504","targetHints":{"allow":["GET"]}}],"collection":[{"href":"https:\/\/sysdil.es\/pt-pt\/wp-json\/wp\/v2\/product"}],"about":[{"href":"https:\/\/sysdil.es\/pt-pt\/wp-json\/wp\/v2\/types\/product"}],"replies":[{"embeddable":true,"href":"https:\/\/sysdil.es\/pt-pt\/wp-json\/wp\/v2\/comments?post=98504"}],"wp:featuredmedia":[{"embeddable":true,"href":"https:\/\/sysdil.es\/pt-pt\/wp-json\/wp\/v2\/media\/98145"}],"wp:attachment":[{"href":"https:\/\/sysdil.es\/pt-pt\/wp-json\/wp\/v2\/media?parent=98504"}],"wp:term":[{"taxonomy":"product_brand","embeddable":true,"href":"https:\/\/sysdil.es\/pt-pt\/wp-json\/wp\/v2\/product_brand?post=98504"},{"taxonomy":"product_cat","embeddable":true,"href":"https:\/\/sysdil.es\/pt-pt\/wp-json\/wp\/v2\/product_cat?post=98504"},{"taxonomy":"product_tag","embeddable":true,"href":"https:\/\/sysdil.es\/pt-pt\/wp-json\/wp\/v2\/product_tag?post=98504"}],"curies":[{"name":"wp","href":"https:\/\/api.w.org\/{rel}","templated":true}]}}