{"id":98505,"date":"2025-03-17T09:49:55","date_gmt":"2025-03-17T08:49:55","guid":{"rendered":"https:\/\/sysdil.es\/producto\/smart-alarming-tag-lazo-grande-de-proteccion-electronica-am\/"},"modified":"2026-04-15T15:01:30","modified_gmt":"2026-04-15T13:01:30","slug":"smart-alarming-tag-lazo-grande-de-proteccion-electronica-am","status":"publish","type":"product","link":"https:\/\/sysdil.es\/pt-pt\/producto\/smart-alarming-tag-lazo-grande-de-proteccion-electronica-am\/","title":{"rendered":"Smart Alarming Tag lazo grande de Protecci\u00f3n electr\u00f3nica AM"},"content":{"rendered":"<p>Un dispositivo peque\u00f1o con gran impacto.<br \/>\nLa Etiqueta Inteligente de Alarma est\u00e1 disponible en frecuencia AM\u00a0 y cuenta con tecnolog\u00eda de dos alarmas:<br \/>\n1) genera una alarma mediante el sistema de prevenci\u00f3n de p\u00e9rdidas instalado en la salida de la tienda al pasar por el campo de detecci\u00f3n y<br \/>\n2) emite una alarma sonora al cortarse el cable.<br \/>\nLa Etiqueta Inteligente de Alarma est\u00e1 disponible <strong>con lazo de acero recubierto de 1230 mm<\/strong><\/p>\n<p><strong>Funciones Electr\u00f3nicas:<\/strong><\/p>\n<ul>\n<li>La etiqueta de alambre hace sonar una alarma<br \/>\n1) cuando un ladr\u00f3n saca mercanc\u00eda con una etiqueta de la tienda (antena) sin pagar o<br \/>\n2) cuando un ladr\u00f3n intenta quitar la etiqueta intencionalmente antes del pago, como cortar o quitar un alambre.<\/li>\n<\/ul>\n","protected":false},"excerpt":{"rendered":"<p>Un dispositivo peque\u00f1o con gran impacto.<br \/>\nLa Etiqueta Inteligente de Alarma est\u00e1 <strong><span style=\"color: #00768f;\">disponible en frecuencia AM<\/span>\u00a0<\/strong> y cuenta con tecnolog\u00eda de dos alarmas:<br \/>\n1) genera una alarma mediante el sistema de prevenci\u00f3n de p\u00e9rdidas instalado en la salida de la tienda al pasar por el campo de detecci\u00f3n y<br \/>\n2) emite una alarma sonora al cortarse el cable.<br \/>\nLa Etiqueta Inteligente de Alarma est\u00e1 disponible <span style=\"color: #00768f;\"><strong>con lazo de acero recubierto de 1230 mm<\/strong><\/span><\/p>\n","protected":false},"featured_media":98138,"comment_status":"open","ping_status":"closed","template":"","meta":[],"product_brand":[],"product_cat":[184,232],"product_tag":[194,273,204,274],"class_list":{"0":"post-98505","1":"product","2":"type-product","3":"status-publish","4":"has-post-thumbnail","6":"product_cat-consumiveis-antifurto","7":"product_cat-etiquetas-rigidas-pt-pt","8":"product_tag-antifurto","9":"product_tag-antihurto-electronica","10":"product_tag-frequencia-de-radio","11":"product_tag-protectores-informatica","13":"first","14":"instock","15":"taxable","16":"shipping-taxable","17":"purchasable","18":"product-type-simple"},"_links":{"self":[{"href":"https:\/\/sysdil.es\/pt-pt\/wp-json\/wp\/v2\/product\/98505","targetHints":{"allow":["GET"]}}],"collection":[{"href":"https:\/\/sysdil.es\/pt-pt\/wp-json\/wp\/v2\/product"}],"about":[{"href":"https:\/\/sysdil.es\/pt-pt\/wp-json\/wp\/v2\/types\/product"}],"replies":[{"embeddable":true,"href":"https:\/\/sysdil.es\/pt-pt\/wp-json\/wp\/v2\/comments?post=98505"}],"wp:featuredmedia":[{"embeddable":true,"href":"https:\/\/sysdil.es\/pt-pt\/wp-json\/wp\/v2\/media\/98138"}],"wp:attachment":[{"href":"https:\/\/sysdil.es\/pt-pt\/wp-json\/wp\/v2\/media?parent=98505"}],"wp:term":[{"taxonomy":"product_brand","embeddable":true,"href":"https:\/\/sysdil.es\/pt-pt\/wp-json\/wp\/v2\/product_brand?post=98505"},{"taxonomy":"product_cat","embeddable":true,"href":"https:\/\/sysdil.es\/pt-pt\/wp-json\/wp\/v2\/product_cat?post=98505"},{"taxonomy":"product_tag","embeddable":true,"href":"https:\/\/sysdil.es\/pt-pt\/wp-json\/wp\/v2\/product_tag?post=98505"}],"curies":[{"name":"wp","href":"https:\/\/api.w.org\/{rel}","templated":true}]}}