{"id":98507,"date":"2025-01-15T11:03:47","date_gmt":"2025-01-15T10:03:47","guid":{"rendered":"https:\/\/sysdil.es\/producto\/antihurto-y-rfid-antenas-a-de-deteccion-a-techo\/"},"modified":"2025-01-15T11:03:47","modified_gmt":"2025-01-15T10:03:47","slug":"antihurto-y-rfid-antenas-a-de-deteccion-a-techo","status":"publish","type":"product","link":"https:\/\/sysdil.es\/pt-pt\/producto\/antihurto-y-rfid-antenas-a-de-deteccion-a-techo\/","title":{"rendered":"Antihurto y RFID Antenas de detecci\u00f3n a techo"},"content":{"rendered":"<p>Tiene lectura RFID y funci\u00f3n de alarma.<br \/>\n\u00b7 Tiene dise\u00f1o compacto con alarma interior e indicaci\u00f3n LED. El volumen del timbre se puede configurar m\u00e1s bajo o m\u00e1s alto.<br \/>\n\u00b7 Con instalaci\u00f3n de fijador, se cuelga del techo o pared de la entrada de la tienda.<br \/>\n\u00b7 Ajuste flexible del ancho de detecci\u00f3n. <strong>La detecci\u00f3n m\u00e1xima alcanza los 10 m.<\/strong><br \/>\n\u00b7 Los usuarios pueden configurar c\u00f3digos EPC exclusivos para etiquetas\/etiquetas, por lo que NOVEL-812 detectar\u00e1 solo c\u00f3digos EPC asignados. Eso significa que s\u00f3lo las etiquetas con c\u00f3digos EPC exclusivos activar\u00e1n la alarma NOVEL-812, por lo tanto 0 se produjo una falsa alarma.<br \/>\n\u00b7 Se ofrece software SDK, se puede desarrollar a\u00fan m\u00e1s la gesti\u00f3n inteligente de inventario.<\/p>\n<p>\u00b7 Aplicaci\u00f3n sencilla<br \/>\nSe utiliza \u00fanicamente para alarma antirrobo y funciona independientemente del POS o del sistema de control de inventario.<br \/>\n<span style=\"color: #00768f;\"><strong>Si los productos impagos salen de la tienda, NOVEL-812 saltar\u00e1 la alarma.<\/strong><\/span><br \/>\n<span style=\"color: #00768f;\"><strong>Si los productos pagados salen de la tienda, NOVEL-812 no saltar\u00e1<\/strong><\/span><\/p>\n","protected":false},"excerpt":{"rendered":"<p>\u00b7 Aplicaci\u00f3n sencilla<br \/>\nSe utiliza \u00fanicamente para alarma antirrobo y funciona independientemente del POS o del sistema de control de inventario.<br \/>\nSi los productos impagos salen de la tienda, NOVEL-812 dar\u00e1 la alarma.<br \/>\nSi los productos pagados salen de la tienda, NOVEL-812 no alarmar\u00e1.<\/p>\n<p><strong><span style=\"color: #00768f;\">SOLICITAR INFORMACI\u00d3N:<\/span><\/strong><\/p>\n<p><strong><span style=\"color: #00768f;\"><a style=\"color: #00768f;\" title=\"Sistema RFID a Techo\" href=\"https:\/\/sysdil.es\/pt-pt\/contate-nos\/\">Contacta con nosotros<\/a><\/span><\/strong><\/p>\n","protected":false},"featured_media":98105,"comment_status":"open","ping_status":"closed","template":"","meta":[],"product_brand":[],"product_cat":[279,268],"product_tag":[194,275,280,276],"class_list":{"0":"post-98507","1":"product","2":"type-product","3":"status-publish","4":"has-post-thumbnail","6":"product_cat-rfid","7":"product_cat-sistemas-antihurto","8":"product_tag-antifurto","9":"product_tag-farmacias","10":"product_tag-moda","11":"product_tag-perfumerias","13":"first","14":"onbackorder","15":"taxable","16":"shipping-taxable","17":"product-type-simple"},"_links":{"self":[{"href":"https:\/\/sysdil.es\/pt-pt\/wp-json\/wp\/v2\/product\/98507","targetHints":{"allow":["GET"]}}],"collection":[{"href":"https:\/\/sysdil.es\/pt-pt\/wp-json\/wp\/v2\/product"}],"about":[{"href":"https:\/\/sysdil.es\/pt-pt\/wp-json\/wp\/v2\/types\/product"}],"replies":[{"embeddable":true,"href":"https:\/\/sysdil.es\/pt-pt\/wp-json\/wp\/v2\/comments?post=98507"}],"wp:featuredmedia":[{"embeddable":true,"href":"https:\/\/sysdil.es\/pt-pt\/wp-json\/wp\/v2\/media\/98105"}],"wp:attachment":[{"href":"https:\/\/sysdil.es\/pt-pt\/wp-json\/wp\/v2\/media?parent=98507"}],"wp:term":[{"taxonomy":"product_brand","embeddable":true,"href":"https:\/\/sysdil.es\/pt-pt\/wp-json\/wp\/v2\/product_brand?post=98507"},{"taxonomy":"product_cat","embeddable":true,"href":"https:\/\/sysdil.es\/pt-pt\/wp-json\/wp\/v2\/product_cat?post=98507"},{"taxonomy":"product_tag","embeddable":true,"href":"https:\/\/sysdil.es\/pt-pt\/wp-json\/wp\/v2\/product_tag?post=98507"}],"curies":[{"name":"wp","href":"https:\/\/api.w.org\/{rel}","templated":true}]}}