{"id":98509,"date":"2024-12-30T16:57:50","date_gmt":"2024-12-30T15:57:50","guid":{"rendered":"https:\/\/sysdil.es\/producto\/protector-antihurto-para-botes-de-leche-am\/"},"modified":"2024-12-30T16:57:50","modified_gmt":"2024-12-30T15:57:50","slug":"protector-antihurto-para-botes-de-leche-am","status":"publish","type":"product","link":"https:\/\/sysdil.es\/pt-pt\/producto\/protector-antihurto-para-botes-de-leche-am\/","title":{"rendered":"Protector Antihurto para botes de leche AM"},"content":{"rendered":"<p>Sistema de protecci\u00f3n, creado espec\u00edficamente para establecimientos farmac\u00e9uticos, supermercados y grandes almacenes.<br \/>\nEste elemento de seguridad contra robos ayuda a salvaguardar los envases de leche deshidratada que se encuentran a la vista en los mostradores de las tiendas.<br \/>\nTambi\u00e9n garantiza que los productos se mantengan correctamente organizados en las estanter\u00edas.<\/p>\n","protected":false},"excerpt":{"rendered":"<p>Sistema de protecci\u00f3n, creado espec\u00edficamente para establecimientos farmac\u00e9uticos, supermercados y grandes almacenes.<\/p>\n<p>Protecci\u00f3n antihurto para\u00a0 botes de leche<\/p>\n<p><strong>Tecnolog\u00eda Acustomagn\u00e9tica AM\u00a0<\/strong><\/p>\n","protected":false},"featured_media":98082,"comment_status":"open","ping_status":"closed","template":"","meta":[],"product_brand":[],"product_cat":[184,232],"product_tag":[194,275],"class_list":{"0":"post-98509","1":"product","2":"type-product","3":"status-publish","4":"has-post-thumbnail","6":"product_cat-consumiveis-antifurto","7":"product_cat-etiquetas-rigidas-pt-pt","8":"product_tag-antifurto","9":"product_tag-farmacias","11":"first","12":"instock","13":"taxable","14":"shipping-taxable","15":"purchasable","16":"product-type-simple"},"_links":{"self":[{"href":"https:\/\/sysdil.es\/pt-pt\/wp-json\/wp\/v2\/product\/98509","targetHints":{"allow":["GET"]}}],"collection":[{"href":"https:\/\/sysdil.es\/pt-pt\/wp-json\/wp\/v2\/product"}],"about":[{"href":"https:\/\/sysdil.es\/pt-pt\/wp-json\/wp\/v2\/types\/product"}],"replies":[{"embeddable":true,"href":"https:\/\/sysdil.es\/pt-pt\/wp-json\/wp\/v2\/comments?post=98509"}],"wp:featuredmedia":[{"embeddable":true,"href":"https:\/\/sysdil.es\/pt-pt\/wp-json\/wp\/v2\/media\/98082"}],"wp:attachment":[{"href":"https:\/\/sysdil.es\/pt-pt\/wp-json\/wp\/v2\/media?parent=98509"}],"wp:term":[{"taxonomy":"product_brand","embeddable":true,"href":"https:\/\/sysdil.es\/pt-pt\/wp-json\/wp\/v2\/product_brand?post=98509"},{"taxonomy":"product_cat","embeddable":true,"href":"https:\/\/sysdil.es\/pt-pt\/wp-json\/wp\/v2\/product_cat?post=98509"},{"taxonomy":"product_tag","embeddable":true,"href":"https:\/\/sysdil.es\/pt-pt\/wp-json\/wp\/v2\/product_tag?post=98509"}],"curies":[{"name":"wp","href":"https:\/\/api.w.org\/{rel}","templated":true}]}}