{"id":98513,"date":"2024-12-11T19:57:09","date_gmt":"2024-12-11T18:57:09","guid":{"rendered":"https:\/\/sysdil.es\/producto\/camara-ip-4-mpx-safire\/"},"modified":"2024-12-11T19:57:09","modified_gmt":"2024-12-11T18:57:09","slug":"camara-ip-4-mpx-safire","status":"publish","type":"product","link":"https:\/\/sysdil.es\/pt-pt\/producto\/camara-ip-4-mpx-safire\/","title":{"rendered":"C\u00e1mara IP 4 Mpx Safire"},"content":{"rendered":"<p>SAFIRE &#8211; C\u00e1mara IP con un sensor de imagen CMOS consta de un lente de 2,8mm con resoluci\u00f3n m\u00e1xima de 4 Megap\u00edxeles.<br \/>\nLa c\u00e1mara tiene un alcance IR de hasta 30 metros , gracias a su protecci\u00f3n IP67 el producto es impermeable tambi\u00e9n consta de antivand\u00e1lica IK10 y es compatible con ONVIF<\/p>\n","protected":false},"excerpt":{"rendered":"<p>C\u00e1mara IP 4 Megapixel<br \/>\n1\/3&#8243; Progressive Scan CMOS<br \/>\nCompresi\u00f3n H.265+ \/ H.265<br \/>\nLente 2.8 mm<br \/>\nIR LEDs Alcance 30 m SF-IPD934H-4E<br \/>\nPoE IEEE802.3af | IP67 |IK10<\/p>\n","protected":false},"featured_media":97828,"comment_status":"open","ping_status":"closed","template":"","meta":[],"product_brand":[],"product_cat":[281],"product_tag":[],"class_list":{"0":"post-98513","1":"product","2":"type-product","3":"status-publish","4":"has-post-thumbnail","6":"product_cat-productos-outlet","8":"first","9":"instock","10":"sale","11":"taxable","12":"shipping-taxable","13":"purchasable","14":"product-type-simple"},"_links":{"self":[{"href":"https:\/\/sysdil.es\/pt-pt\/wp-json\/wp\/v2\/product\/98513","targetHints":{"allow":["GET"]}}],"collection":[{"href":"https:\/\/sysdil.es\/pt-pt\/wp-json\/wp\/v2\/product"}],"about":[{"href":"https:\/\/sysdil.es\/pt-pt\/wp-json\/wp\/v2\/types\/product"}],"replies":[{"embeddable":true,"href":"https:\/\/sysdil.es\/pt-pt\/wp-json\/wp\/v2\/comments?post=98513"}],"wp:featuredmedia":[{"embeddable":true,"href":"https:\/\/sysdil.es\/pt-pt\/wp-json\/wp\/v2\/media\/97828"}],"wp:attachment":[{"href":"https:\/\/sysdil.es\/pt-pt\/wp-json\/wp\/v2\/media?parent=98513"}],"wp:term":[{"taxonomy":"product_brand","embeddable":true,"href":"https:\/\/sysdil.es\/pt-pt\/wp-json\/wp\/v2\/product_brand?post=98513"},{"taxonomy":"product_cat","embeddable":true,"href":"https:\/\/sysdil.es\/pt-pt\/wp-json\/wp\/v2\/product_cat?post=98513"},{"taxonomy":"product_tag","embeddable":true,"href":"https:\/\/sysdil.es\/pt-pt\/wp-json\/wp\/v2\/product_tag?post=98513"}],"curies":[{"name":"wp","href":"https:\/\/api.w.org\/{rel}","templated":true}]}}