{"id":98514,"date":"2024-12-11T19:26:15","date_gmt":"2024-12-11T18:26:15","guid":{"rendered":"https:\/\/sysdil.es\/producto\/removedor-eletrico-de-etiquetas-antirroubo-stag-de-montagem-embutida\/"},"modified":"2026-04-30T10:04:04","modified_gmt":"2026-04-30T08:04:04","slug":"removedor-eletrico-de-etiquetas-antirroubo-stag-de-montagem-embutida","status":"publish","type":"product","link":"https:\/\/sysdil.es\/pt-pt\/producto\/removedor-eletrico-de-etiquetas-antirroubo-stag-de-montagem-embutida\/","title":{"rendered":"Removedor el\u00e9trico de etiquetas antirroubo STag de montagem embutida"},"content":{"rendered":"<p><strong>SyStag\/strong Anti-Shoplifting Electrical Tag Detacher&gt;<br \/>\nO desacoplador SY-DTMK5010 possui um teclado program\u00e1vel para evitar o uso n\u00e3o autorizado quando o balc\u00e3o \u00e9 deixado sem vigil\u00e2ncia.<br \/>\n\u00c9<\/strong><strong>o complemento ideal para uma solu\u00e7\u00e3o antirroubo<\/strong><\/p>\n<p><strong>Vantagens para o retalhista:<\/strong><br \/>\nO desacoplador da Sysmatic oferece uma abertura de alarme r\u00e1pida e eficaz gra\u00e7as ao seu formato eletr\u00f3nico.<br \/>\nIsto proporciona uma maior agilidade do que os m\u00e9todos de desacoplamento manuais, permitindo assim uma melhor otimiza\u00e7\u00e3o do tempo na caixa registadora.<\/p>\n","protected":false},"excerpt":{"rendered":"<p><strong>Descolador El\u00e9trico SYSMATIC para Super Tag<\/strong><br \/>\nMedidas: 150x102mm Em pl\u00e1stico \/ metal. Cor cinzenta <\/p>\n","protected":false},"featured_media":0,"comment_status":"open","ping_status":"closed","template":"","meta":[],"product_brand":[],"product_cat":[282],"product_tag":[],"class_list":{"0":"post-98514","1":"product","2":"type-product","3":"status-publish","5":"product_cat-sin-categorizar","7":"first","8":"instock","9":"taxable","10":"shipping-taxable","11":"purchasable","12":"product-type-simple"},"_links":{"self":[{"href":"https:\/\/sysdil.es\/pt-pt\/wp-json\/wp\/v2\/product\/98514","targetHints":{"allow":["GET"]}}],"collection":[{"href":"https:\/\/sysdil.es\/pt-pt\/wp-json\/wp\/v2\/product"}],"about":[{"href":"https:\/\/sysdil.es\/pt-pt\/wp-json\/wp\/v2\/types\/product"}],"replies":[{"embeddable":true,"href":"https:\/\/sysdil.es\/pt-pt\/wp-json\/wp\/v2\/comments?post=98514"}],"wp:attachment":[{"href":"https:\/\/sysdil.es\/pt-pt\/wp-json\/wp\/v2\/media?parent=98514"}],"wp:term":[{"taxonomy":"product_brand","embeddable":true,"href":"https:\/\/sysdil.es\/pt-pt\/wp-json\/wp\/v2\/product_brand?post=98514"},{"taxonomy":"product_cat","embeddable":true,"href":"https:\/\/sysdil.es\/pt-pt\/wp-json\/wp\/v2\/product_cat?post=98514"},{"taxonomy":"product_tag","embeddable":true,"href":"https:\/\/sysdil.es\/pt-pt\/wp-json\/wp\/v2\/product_tag?post=98514"}],"curies":[{"name":"wp","href":"https:\/\/api.w.org\/{rel}","templated":true}]}}