{"id":98515,"date":"2024-12-11T16:49:17","date_gmt":"2024-12-11T15:49:17","guid":{"rendered":"https:\/\/sysdil.es\/producto\/spiders-big-aranas-proteccion-electronica-copia\/"},"modified":"2026-04-15T15:01:27","modified_gmt":"2026-04-15T13:01:27","slug":"spiders-big-aranas-proteccion-electronica-copia","status":"publish","type":"product","link":"https:\/\/sysdil.es\/pt-pt\/producto\/spiders-big-aranas-proteccion-electronica-copia\/","title":{"rendered":"Spiders BIG Ara\u00f1as Protecci\u00f3n electr\u00f3nica"},"content":{"rendered":"<p>Los protectores &#8220;spiders&#8221; o &#8220;ara\u00f1as&#8221; son dispositivos de seguridad electr\u00f3nica dise\u00f1ados para prevenir el hurto de productos, principalmente electr\u00f3nicos, mediante un sistema de sujeci\u00f3n y alarma integrado.<br \/>\nObjetivo: Prevenir el hurto mediante un sistema integral de seguridad f\u00edsica y electr\u00f3nica.<\/p>\n<p><strong>Funciones Electr\u00f3nicas:<\/strong><\/p>\n<ul>\n<li><strong>Dual tecnolog\u00edas AM y RF<\/strong>.<\/li>\n<li>Sensor de movimiento de alta precisi\u00f3n.<\/li>\n<li>Alarma integrada: 115-120 decibeles.<\/li>\n<li>Sistema de alerta luminoso (luces estrobosc\u00f3picas).<\/li>\n<li>Bater\u00eda de litio recargable.<\/li>\n<li>Duraci\u00f3n de bater\u00eda: hasta 6 meses.<\/li>\n<li>Requiere desacoplador espec\u00edfico <a href=\"https:\/\/sysdil.es\/pt-pt\/producto\/desacoplador-magnetico\/\">SY-DTK509 &#8211; Desacoplador magn\u00e9tico<\/a><\/li>\n<\/ul>\n","protected":false},"excerpt":{"rendered":"<p>Definici\u00f3n de los Protectores Spiders o Ara\u00f1as Antirrobo<br \/>\n <strong>Dual tecnolog\u00edas AM y RF<\/strong>.<br \/>\n<strong>Large Spider Dimension:<\/strong> D70*H54mm<br \/>\n<strong>Alarm way:<\/strong> 2 alarms<br \/>\n<strong>Lock: <\/strong>Normal\/Super<br \/>\n<strong>Frequency: <\/strong>58Khz\/8.2Mhz<br \/>\n<strong>Lanyard length: 80cm<\/strong><\/p>\n<p><strong>Aplicaciones:<\/strong><br \/>\nElectr\u00f3nica<br \/>\nDispositivos m\u00f3viles<br \/>\nAccesorios tecnol\u00f3gicos<br \/>\nProductos de valor medio-alto<\/p>\n","protected":false},"featured_media":97800,"comment_status":"open","ping_status":"closed","template":"","meta":[],"product_brand":[],"product_cat":[184,232],"product_tag":[194,273,204,274],"class_list":{"0":"post-98515","1":"product","2":"type-product","3":"status-publish","4":"has-post-thumbnail","6":"product_cat-consumiveis-antifurto","7":"product_cat-etiquetas-rigidas-pt-pt","8":"product_tag-antifurto","9":"product_tag-antihurto-electronica","10":"product_tag-frequencia-de-radio","11":"product_tag-protectores-informatica","13":"first","14":"instock","15":"taxable","16":"shipping-taxable","17":"purchasable","18":"product-type-simple"},"_links":{"self":[{"href":"https:\/\/sysdil.es\/pt-pt\/wp-json\/wp\/v2\/product\/98515","targetHints":{"allow":["GET"]}}],"collection":[{"href":"https:\/\/sysdil.es\/pt-pt\/wp-json\/wp\/v2\/product"}],"about":[{"href":"https:\/\/sysdil.es\/pt-pt\/wp-json\/wp\/v2\/types\/product"}],"replies":[{"embeddable":true,"href":"https:\/\/sysdil.es\/pt-pt\/wp-json\/wp\/v2\/comments?post=98515"}],"wp:featuredmedia":[{"embeddable":true,"href":"https:\/\/sysdil.es\/pt-pt\/wp-json\/wp\/v2\/media\/97800"}],"wp:attachment":[{"href":"https:\/\/sysdil.es\/pt-pt\/wp-json\/wp\/v2\/media?parent=98515"}],"wp:term":[{"taxonomy":"product_brand","embeddable":true,"href":"https:\/\/sysdil.es\/pt-pt\/wp-json\/wp\/v2\/product_brand?post=98515"},{"taxonomy":"product_cat","embeddable":true,"href":"https:\/\/sysdil.es\/pt-pt\/wp-json\/wp\/v2\/product_cat?post=98515"},{"taxonomy":"product_tag","embeddable":true,"href":"https:\/\/sysdil.es\/pt-pt\/wp-json\/wp\/v2\/product_tag?post=98515"}],"curies":[{"name":"wp","href":"https:\/\/api.w.org\/{rel}","templated":true}]}}